{"id":7444,"date":"2023-03-17T23:02:02","date_gmt":"2023-03-17T23:02:02","guid":{"rendered":"https:\/\/kitchamix.com\/de\/?post_type=product&#038;p=7444"},"modified":"2026-05-09T23:55:12","modified_gmt":"2026-05-09T23:55:12","slug":"the-complete-list-of-zero-point-foods-printable","status":"publish","type":"product","link":"https:\/\/kitchamix.com\/de\/product\/the-complete-list-of-zero-point-foods-printable\/","title":{"rendered":"Die vollst\u00e4ndige Liste der Lebensmittel mit Nullpunkten (druckbar)"},"content":{"rendered":"<p><center><br \/>\n<a class=\"button alert is-alert is-medium\"  >\n    <span>Online-Exklusiv: nicht im Gesch\u00e4ft erh\u00e4ltlich<\/span>\n  <\/a>\n<\/center><center><\/center><br \/>\n<div class=\"row\"  id=\"row-1525275089\">\n<h3>\u00a0Die <strong>vollst\u00e4ndige Liste der Zero Point-Lebensmittel<\/strong> mit mehr als 600 Lebensmitteln, mit denen Sie auf Kurs bleiben und Ihre Punkte im empfohlenen t\u00e4glichen und w\u00f6chentlichen Bereich halten k\u00f6nnen, um Ihre Ziele zu erreichen.<\/h3>\n<p>Entdecken Sie das Geheimnis einer intelligenten und zufriedenstellenden Ern\u00e4hrung, indem Sie eine vielf\u00e4ltige Palette von Zero Point-Lebensmitteln erkunden, die sorgf\u00e4ltig ausgew\u00e4hlt wurden, um mit dem WW-Programm \u00fcbereinzustimmen. Von knackigen Fr\u00fcchten bis hin zu magerem Eiwei\u00df ist dieser Leitfaden Ihr Leitfaden zur Zusammenstellung k\u00f6stlicher und nahrhafter Mahlzeiten, die Ihr SmartPoints-Budget nicht gef\u00e4hrden.<\/p>\n<p>Verbessern Sie Ihre Wellness-Reise mit einem Tool, das nicht nur Ihre Gewichtsmanagementziele unterst\u00fctzt, sondern auch die Freude am guten Essen feiert. Die vollst\u00e4ndige Liste der Zero Point-Lebensmittel ist nicht nur ein Leitfaden; sie ist ein Begleiter f\u00fcr Ihren Lebensstil \u2013 er bef\u00e4higt Sie, jeden Bissen auf dem Weg zu einem ges\u00fcnderen, gl\u00fccklicheren Ich zu genie\u00dfen. Beginnen Sie Ihre Reise noch heute und machen Sie jede Mahlzeit zu einem Schritt in eine bessere, ausgeglichenere Zukunft.<\/p>\n<\/div>\n<p>&nbsp;<\/p>\n<p><span style=\"color: #ed1c24;\"><strong>Haftungsausschluss:<\/strong> <\/span>Die in diesem Buch dargestellten Handelsmarken und Marken sind das alleinige Eigentum ihrer jeweiligen Inhaber. Es wird kein Anspruch auf sie erhoben und es wird keine Billigung dieses Buches oder der Rezepte durch sie impliziert oder behauptet.<\/p>\n<p>&nbsp;<\/p>\n<p style=\"text-align: center;\"><a data-animate=\"fadeInLeft\" href=\"https:\/\/kitchamix.com\/de\/?add-to-cart=7444\" target=\"_self\" class=\"button secondary is-secondary is-large\"  >\n    <span>In den Warenkorb<\/span>\n  <i class=\"icon-angle-right\" ><\/i><\/a>\n\n<p style=\"text-align: center;\">\n","protected":false},"excerpt":{"rendered":"<p><strong><span style=\"color: #00a859;\">Holen Sie sich diese vollst\u00e4ndige Liste der Zero Point Foods, damit Sie sie ausdrucken und zum schnellen und einfachen Nachschlagen an Ihren K\u00fchlschrank h\u00e4ngen k\u00f6nnen.<\/span><\/strong><\/p>\n","protected":false},"featured_media":17360,"comment_status":"closed","ping_status":"closed","template":"","meta":{"_iconic_wsb_product_page_order_bump_ids":[[10436,9720,12027]],"_sku":[],"_iconic_wsb_product_page_bump_modal_ids":[[]]},"product_brand":[],"product_cat":[72],"product_tag":[],"class_list":{"0":"post-7444","1":"product","2":"type-product","3":"status-publish","4":"has-post-thumbnail","6":"product_cat-books-weight-watchers","8":"first","9":"instock","10":"sale","11":"downloadable","12":"virtual","13":"taxable","14":"purchasable","15":"product-type-simple"},"_links":{"self":[{"href":"https:\/\/kitchamix.com\/de\/wp-json\/wp\/v2\/product\/7444","targetHints":{"allow":["GET"]}}],"collection":[{"href":"https:\/\/kitchamix.com\/de\/wp-json\/wp\/v2\/product"}],"about":[{"href":"https:\/\/kitchamix.com\/de\/wp-json\/wp\/v2\/types\/product"}],"replies":[{"embeddable":true,"href":"https:\/\/kitchamix.com\/de\/wp-json\/wp\/v2\/comments?post=7444"}],"wp:featuredmedia":[{"embeddable":true,"href":"https:\/\/kitchamix.com\/de\/wp-json\/wp\/v2\/media\/17360"}],"wp:attachment":[{"href":"https:\/\/kitchamix.com\/de\/wp-json\/wp\/v2\/media?parent=7444"}],"wp:term":[{"taxonomy":"product_brand","embeddable":true,"href":"https:\/\/kitchamix.com\/de\/wp-json\/wp\/v2\/product_brand?post=7444"},{"taxonomy":"product_cat","embeddable":true,"href":"https:\/\/kitchamix.com\/de\/wp-json\/wp\/v2\/product_cat?post=7444"},{"taxonomy":"product_tag","embeddable":true,"href":"https:\/\/kitchamix.com\/de\/wp-json\/wp\/v2\/product_tag?post=7444"}],"curies":[{"name":"wp","href":"https:\/\/api.w.org\/{rel}","templated":true}]}}