{"id":6013,"date":"2023-02-12T00:09:55","date_gmt":"2023-02-12T00:09:55","guid":{"rendered":"https:\/\/kitchamix.com\/de\/?post_type=product&#038;p=6013"},"modified":"2026-04-19T13:44:35","modified_gmt":"2026-04-19T13:44:35","slug":"70-weight-watchers-rezepte-fuer-die-heissluftfritteuse","status":"publish","type":"product","link":"https:\/\/kitchamix.com\/de\/product\/70-weight-watchers-rezepte-fuer-die-heissluftfritteuse\/","title":{"rendered":"70 Weight Watchers\u00ae-Rezepte f\u00fcr die Hei\u00dfluftfritteuse"},"content":{"rendered":"<p><center><br \/>\n<a class=\"button alert is-alert is-medium\"  >\n    <span>Online-Exklusiv: Nicht im Gesch\u00e4ft erh\u00e4ltlich<\/span>\n  <\/a>\n<\/center><center><\/center><br \/>\n<div class=\"row\"  id=\"row-1815241726\">\n<h3>Wir lieben unsere Weight Watchers\u00ae-Rezepte f\u00fcr die Hei\u00dfluftfritteuse und diese \u00dcbersicht enth\u00e4lt 70 unserer beliebtesten Weight Watchers\u00ae-Rezepte.<\/h3>\n<h3>Ob erfahrener Koch oder Anf\u00e4nger \u2013 dieses Buch ist der perfekte Begleiter f\u00fcr Ihre Weight Watchers\u00ae-Rezepte f\u00fcr die Hei\u00dfluftfritteuse. Mit dem Schwerpunkt auf gesundem und leckerem Kochen k\u00f6nnen Sie Gerichte zubereiten, die Sie und Ihre Familie lieben werden, ohne auf Geschmack oder N\u00e4hrwert verzichten zu m\u00fcssen.<\/h3>\n<h3><strong>Was Sie in diesem Kochbuch finden:<\/strong><\/h3>\n<ul>\n<li><span style=\"font-weight: 400;\">Erhalten Sie knusprige Au\u00dfenseite und zartes Inneres mit wenig bis gar keinem \u00d6l.<\/span><\/li>\n<li><span style=\"font-weight: 400;\">Diese Rezepte sind perfekt f\u00fcr Tage, an denen Sie Ihre Tagesziele \u00fcberschreiten und am Ball bleiben m\u00fcssen.<\/span><\/li>\n<\/ul>\n<\/div>\n<h3>Das Buch, das f\u00fcr Ihr gesundes Leben unverzichtbar wird!<\/h3>\n<p>Jedes Rezept enth\u00e4lt eine vollst\u00e4ndige Zutatenliste, klare und pr\u00e4gnante Anleitungen sowie N\u00e4hrwertangaben. So k\u00f6nnen Sie das Weight Watchers\u00ae-Programm ganz einfach befolgen und einhalten.<\/p>\n<p>Das Buch enth\u00e4lt au\u00dferdem Tipps f\u00fcr optimale Ergebnisse mit Ihrer Hei\u00dfluftfritteuse sowie hilfreiche Kochtipps und Vorschl\u00e4ge f\u00fcr die Essensplanung.<\/p>\n<p><strong>Viele Rezepte ab <a href=\"https:\/\/kitchamix.com\/de\/product\/zero-point-weight-watchers-recipes\/\">0 Punkten<\/a> und mehr! Behalten Sie Ihre Punkte mit diesen einfachen Weight Watchers-Rezepten f\u00fcr die Hei\u00dfluftfritteuse im Auge.<\/strong><\/p>\n<p><span style=\"color: #ed1c24;\"><strong>Haftungsausschluss:<\/strong> <\/span> Die in diesem Buch dargestellten Marken und Warenzeichen sind Eigentum ihrer jeweiligen Inhaber. Sie werden nicht beansprucht und stellen keine ausdr\u00fcckliche oder implizite Empfehlung dieses Buches oder der Rezepte dar.<\/p>\n<div class=\"container section-title-container\" style=\"margin-top:28px;\"><h3 class=\"section-title section-title-center\"><b><\/b><span class=\"section-title-main\" >Was die Leute \u00fcber dieses Buch sagen<\/span><b><\/b><\/h3><\/div>\n<div class=\"row\"  id=\"row-177779161\">\n\n\t<div id=\"col-1079905549\" class=\"col medium-1\/3 large-4\"  >\n\t\t\t\t<div class=\"col-inner\"  >\n\t\t\t\n\t\t\t\n  <div class=\"icon-box testimonial-box icon-box-left text-left\">\n                <div class=\"icon-box-img testimonial-image circle\" style=\"width: 80px\">\n              <img decoding=\"async\" src=\"https:\/\/kitchamix.com\/de\/wp-content\/uploads\/2021\/08\/user-avatar.png\" alt=\"Karolin Bayer\" \/>        <\/div>\n                <div class=\"icon-box-text p-last-0\">\n          <div class=\"star-rating\"><span style=\"width:100%\"><strong class=\"rating\"><\/strong><\/span><\/div>  \t\t\t\t<div class=\"testimonial-text line-height-small italic test_text first-reset last-reset is-italic\">\n            \n<p>Als iemand die het Weight Watchers\u00ae-programma volgt, is dit kookboek echt een uitkomst. De airfryer-recepten zijn niet alleen heerlijk, maar ook super makkelijk te volgen. Ik vind het geweldig dat veel recepten beginnen met 0 punten \u2013 dat maakt het veel makkelijker om op schema te blijven. De voedingsinformatie en duidelijke instructies zijn erg handig. Dit boek is snel mijn favoriet geworden in de keuken!<\/p>\n          <\/div>\n          <div class=\"testimonial-meta pt-half\">\n             <strong class=\"testimonial-name test_name\">Karolin Bayer<\/strong>\n                          <span class=\"testimonial-company test_company\"><\/span>\n          <\/div>\n        <\/div>\n  <\/div>\n\n  \n\t\t<\/div>\n\t\t\t\t\t<\/div>\n\n\t\n\n\t<div id=\"col-1522045682\" class=\"col medium-1\/3 large-4\"  >\n\t\t\t\t<div class=\"col-inner\"  >\n\t\t\t\n\t\t\t\n  <div class=\"icon-box testimonial-box icon-box-left text-left\">\n                <div class=\"icon-box-img testimonial-image circle\" style=\"width: 80px\">\n              <img decoding=\"async\" src=\"https:\/\/kitchamix.com\/de\/wp-content\/uploads\/2021\/08\/user-avatar.png\" alt=\"Daniela Nussbaum\" \/>        <\/div>\n                <div class=\"icon-box-text p-last-0\">\n          <div class=\"star-rating\"><span style=\"width:100%\"><strong class=\"rating\"><\/strong><\/span><\/div>  \t\t\t\t<div class=\"testimonial-text line-height-small italic test_text first-reset last-reset is-italic\">\n            \n<p>Dit boek is precies wat ik nodig had. Ik ben geen ervaren kok, maar dankzij de stap-voor-stap instructies kan ik eenvoudig gezonde maaltijden maken die ook nog eens lekker smaken. De tips voor het gebruik van de airfryer en de maaltijdplanning zijn echt een pluspunt. Ik heb al meerdere recepten geprobeerd en mijn hele gezin is enthousiast. Een echte aanrader voor wie gezonder wil eten zonder in te leveren op smaak.<\/p>\n          <\/div>\n          <div class=\"testimonial-meta pt-half\">\n             <strong class=\"testimonial-name test_name\">Daniela Nussbaum<\/strong>\n                          <span class=\"testimonial-company test_company\"><\/span>\n          <\/div>\n        <\/div>\n  <\/div>\n\n  \n\t\t<\/div>\n\t\t\t\t\t<\/div>\n\n\t\n\n\t<div id=\"col-2115218335\" class=\"col medium-1\/3 large-4\"  >\n\t\t\t\t<div class=\"col-inner\"  >\n\t\t\t\n\t\t\t\n  <div class=\"icon-box testimonial-box icon-box-left text-left\">\n                <div class=\"icon-box-img testimonial-image circle\" style=\"width: 80px\">\n              <img decoding=\"async\" src=\"https:\/\/kitchamix.com\/de\/wp-content\/uploads\/2021\/08\/user-avatar.png\" alt=\"Katharina Glockner\" \/>        <\/div>\n                <div class=\"icon-box-text p-last-0\">\n          <div class=\"star-rating\"><span style=\"width:100%\"><strong class=\"rating\"><\/strong><\/span><\/div>  \t\t\t\t<div class=\"testimonial-text line-height-small italic test_text first-reset last-reset is-italic\">\n            \n<p>Ik heb al veel kookboeken geprobeerd, maar deze springt eruit. Het combineert het gemak van de airfryer met Weight Watchers\u00ae-vriendelijke recepten, waardoor gezond eten echt leuk wordt. De variatie is top en ik waardeer het dat elk recept het aantal punten en de voedingswaarden vermeldt. Of je nu nieuw bent bij WW of al langer lid, dit boek is een onmisbare hulp in de keuken!<\/p>\n          <\/div>\n          <div class=\"testimonial-meta pt-half\">\n             <strong class=\"testimonial-name test_name\">Katharina Glockner<\/strong>\n                          <span class=\"testimonial-company test_company\"><\/span>\n          <\/div>\n        <\/div>\n  <\/div>\n\n  \n\t\t<\/div>\n\t\t\t\t\t<\/div>\n\n\t\n<\/div>\n<p style=\"text-align: center;\"><a data-animate=\"fadeInLeft\" href=\"https:\/\/kitchamix.com\/de\/?add-to-cart=6013\" target=\"_self\" class=\"button secondary is-secondary is-large\"  >\n    <span>In den Warenkorb<\/span>\n  <i class=\"icon-angle-right\" ><\/i><\/a>\n\n","protected":false},"excerpt":{"rendered":"<p><strong><span style=\"color: #50b848;\">Der ultimative Leitfaden f\u00fcr WW\u00ae zum gesunden Kochen mit der Hei\u00dfluftfritteuse: Leckere und nahrhafte Rezepte f\u00fcr Ihre ganze Familie<\/span><\/strong><\/p>\n","protected":false},"featured_media":18026,"comment_status":"closed","ping_status":"closed","template":"","meta":{"_iconic_wsb_product_page_order_bump_ids":[[19490,7444,17884]],"_sku":[],"_iconic_wsb_product_page_bump_modal_ids":[[]]},"product_brand":[],"product_cat":[72],"product_tag":[],"class_list":{"0":"post-6013","1":"product","2":"type-product","3":"status-publish","4":"has-post-thumbnail","6":"product_cat-books-weight-watchers","8":"first","9":"instock","10":"sale","11":"downloadable","12":"virtual","13":"taxable","14":"purchasable","15":"product-type-simple"},"_links":{"self":[{"href":"https:\/\/kitchamix.com\/de\/wp-json\/wp\/v2\/product\/6013","targetHints":{"allow":["GET"]}}],"collection":[{"href":"https:\/\/kitchamix.com\/de\/wp-json\/wp\/v2\/product"}],"about":[{"href":"https:\/\/kitchamix.com\/de\/wp-json\/wp\/v2\/types\/product"}],"replies":[{"embeddable":true,"href":"https:\/\/kitchamix.com\/de\/wp-json\/wp\/v2\/comments?post=6013"}],"wp:featuredmedia":[{"embeddable":true,"href":"https:\/\/kitchamix.com\/de\/wp-json\/wp\/v2\/media\/18026"}],"wp:attachment":[{"href":"https:\/\/kitchamix.com\/de\/wp-json\/wp\/v2\/media?parent=6013"}],"wp:term":[{"taxonomy":"product_brand","embeddable":true,"href":"https:\/\/kitchamix.com\/de\/wp-json\/wp\/v2\/product_brand?post=6013"},{"taxonomy":"product_cat","embeddable":true,"href":"https:\/\/kitchamix.com\/de\/wp-json\/wp\/v2\/product_cat?post=6013"},{"taxonomy":"product_tag","embeddable":true,"href":"https:\/\/kitchamix.com\/de\/wp-json\/wp\/v2\/product_tag?post=6013"}],"curies":[{"name":"wp","href":"https:\/\/api.w.org\/{rel}","templated":true}]}}