{"id":3530,"date":"2022-12-04T21:36:04","date_gmt":"2022-12-04T21:36:04","guid":{"rendered":"https:\/\/kitchamix.com\/de\/?post_type=product&#038;p=3530"},"modified":"2026-04-13T08:03:48","modified_gmt":"2026-04-13T08:03:48","slug":"zero-point-weight-watchers-recipes","status":"publish","type":"product","link":"https:\/\/kitchamix.com\/de\/product\/zero-point-weight-watchers-recipes\/","title":{"rendered":"Zero Point Weight Watchers-Rezepte"},"content":{"rendered":"<div class=\"row row-collapse row-full-width align-middle\"  id=\"row-711022414\">\n\n\t<div id=\"col-1291727671\" class=\"col medium-6 small-12 large-6\"  >\n\t\t\t\t<div class=\"col-inner\"  >\n\t\t\t\n\t\t\t\n\t<div class=\"img has-hover x md-x lg-x y md-y lg-y\" id=\"image_2057602459\">\n\t\t\t\t\t\t\t\t<div class=\"img-inner image-cover dark\" style=\"padding-top:100%;\">\n\t\t\t<img loading=\"lazy\" decoding=\"async\" width=\"800\" height=\"800\" src=\"https:\/\/kitchamix.com\/de\/wp-content\/uploads\/2025\/01\/cover-german-zero-point-800x800.jpg\" class=\"attachment-large size-large\" alt=\"\" srcset=\"https:\/\/kitchamix.com\/de\/wp-content\/uploads\/2025\/01\/cover-german-zero-point-800x800.jpg 800w, https:\/\/kitchamix.com\/de\/wp-content\/uploads\/2025\/01\/cover-german-zero-point-400x400.jpg 400w, https:\/\/kitchamix.com\/de\/wp-content\/uploads\/2025\/01\/cover-german-zero-point-280x280.jpg 280w, https:\/\/kitchamix.com\/de\/wp-content\/uploads\/2025\/01\/cover-german-zero-point-768x768.jpg 768w, https:\/\/kitchamix.com\/de\/wp-content\/uploads\/2025\/01\/cover-german-zero-point-300x300.jpg 300w, https:\/\/kitchamix.com\/de\/wp-content\/uploads\/2025\/01\/cover-german-zero-point-600x600.jpg 600w, https:\/\/kitchamix.com\/de\/wp-content\/uploads\/2025\/01\/cover-german-zero-point-100x100.jpg 100w, https:\/\/kitchamix.com\/de\/wp-content\/uploads\/2025\/01\/cover-german-zero-point.jpg 1500w\" sizes=\"auto, (max-width: 800px) 100vw, 800px\" \/>\t\t\t\t\t\t\n\t\t\t\t\t<\/div>\n\t\t\t\t\t\t\t\t\n<style>\n#image_2057602459 {\n  width: 100%;\n}\n<\/style>\n\t<\/div>\n\t\n\t\t<\/div>\n\t\t\t\t\t<\/div>\n\n\t\n\n\t<div id=\"col-1992379360\" class=\"col medium-6 small-12 large-6\"  >\n\t\t\t\t<div class=\"col-inner\" style=\"max-width:520px;\" >\n\t\t\t\n\t\t\t\n<h3><span style=\"color: #000000;\">Hier kommen die Weight Watchers\u00ae-Rezepte mit Null Punkten ins Spiel<\/span><\/h3>\n<p><span style=\"color: #000000;\">Einer der beliebtesten Trends dieser Tage besteht darin, einen Abnehmplan zu verfolgen, der <strong>keine Punkte oder Kalorien z\u00e4hlt<\/strong>.<\/span><\/p>\n<p><span style=\"color: #000000;\">Diese Rezepte haben keine Punkte zugewiesen, sodass Sie so viel essen k\u00f6nnen, wie Sie m\u00f6chten, ohne sich um Ihr Gewicht sorgen zu m\u00fcssen.\u00a0<\/span><\/p>\n<p><span style=\"color: #000000;\">Beginnen Sie noch heute Ihre Reise zu einem gl\u00fccklicheren, ges\u00fcnderen Ich! Klicken Sie hier, um auf unsere Null-Punkt-Rezepte zuzugreifen und lassen Sie Weight Watchers Ihr Leitfaden zum Erfolg sein!<\/span><\/p>\n<p style=\"text-align: center;\">\u00a0<\/p>\n<a href=\"https:\/\/kitchamix.com\/de\/?add-to-cart=3530\" target=\"_self\" class=\"button alert is-alert is-medium\"  >\n    <span>JETZT KAUFEN<\/span>\n  <\/a>\n\n\t\t<\/div>\n\t\t\t\t\n<style>\n#col-1992379360 > .col-inner {\n  padding: 5% 5% 5% 5%;\n}\n<\/style>\n\t<\/div>\n\n\t\n<\/div>\n<div class=\"text-center\"><div class=\"is-divider divider clearfix\" style=\"max-width:0px;\"><\/div><\/div>\n<div class=\"row align-middle\"  id=\"row-1080020024\">\n\n\t<div id=\"col-1199552227\" class=\"col medium-6 small-12 large-6\"  >\n\t\t\t\t<div class=\"col-inner\"  >\n\t\t\t\n\t\t\t\n\t<div class=\"img has-hover x md-x lg-x y md-y lg-y\" id=\"image_1264927247\">\n\t\t\t\t\t\t\t\t<div class=\"img-inner dark\" >\n\t\t\t<img loading=\"lazy\" decoding=\"async\" width=\"800\" height=\"800\" src=\"https:\/\/kitchamix.com\/de\/wp-content\/uploads\/2024\/02\/salad-800x800.jpg\" class=\"attachment-large size-large\" alt=\"\" srcset=\"https:\/\/kitchamix.com\/de\/wp-content\/uploads\/2024\/02\/salad-800x800.jpg 800w, https:\/\/kitchamix.com\/de\/wp-content\/uploads\/2024\/02\/salad-400x400.jpg 400w, https:\/\/kitchamix.com\/de\/wp-content\/uploads\/2024\/02\/salad-280x280.jpg 280w, https:\/\/kitchamix.com\/de\/wp-content\/uploads\/2024\/02\/salad-768x768.jpg 768w, https:\/\/kitchamix.com\/de\/wp-content\/uploads\/2024\/02\/salad-300x300.jpg 300w, https:\/\/kitchamix.com\/de\/wp-content\/uploads\/2024\/02\/salad-600x600.jpg 600w, https:\/\/kitchamix.com\/de\/wp-content\/uploads\/2024\/02\/salad-100x100.jpg 100w, https:\/\/kitchamix.com\/de\/wp-content\/uploads\/2024\/02\/salad-60x60.jpg 60w, https:\/\/kitchamix.com\/de\/wp-content\/uploads\/2024\/02\/salad-90x90.jpg 90w, https:\/\/kitchamix.com\/de\/wp-content\/uploads\/2024\/02\/salad.jpg 1000w\" sizes=\"auto, (max-width: 800px) 100vw, 800px\" \/>\t\t\t\t\t\t\n\t\t\t\t\t<\/div>\n\t\t\t\t\t\t\t\t\n<style>\n#image_1264927247 {\n  width: 100%;\n}\n<\/style>\n\t<\/div>\n\t\n\t\t<\/div>\n\t\t\t\t\t<\/div>\n\n\t\n\n\t<div id=\"col-264268863\" class=\"col medium-6 small-12 large-6\"  >\n\t\t\t\t<div class=\"col-inner\"  >\n\t\t\t\n\t\t\t\n<h3><span style=\"color: #000000;\">Was Sie in diesem ZERO POINT WW\u00ae-Kochbuch finden werden:<\/span><\/h3>\n<ul>\n<li><span style=\"color: #000000;\">Genie\u00dfen Sie diese k\u00f6stlichen Weight Watchers\u00ae-Rezepte mit null Punkten ohne Schuldgef\u00fchle.<\/span><\/li>\n<li><span style=\"color: #000000;\">Diese Rezepte eignen sich perfekt f\u00fcr Tage, an denen Sie Ihre t\u00e4glichen Punkte \u00fcberschreiten und eine Mahlzeit mit null Punkten ben\u00f6tigen, um auf Kurs zu bleiben.<\/span><\/li>\n<\/ul>\n<p><span style=\"color: #000000;\">Das Tolle an Weight Watchers\u00ae-Rezepten mit Null Punkten ist, dass sie alle gesund und s\u00e4ttigend sind. <\/span><span style=\"color: #000000;\">Nach dem Essen werden Sie keinen Hunger versp\u00fcren, und sie werden nicht dazu f\u00fchren, dass Sie zunehmen. Tats\u00e4chlich haben viele Menschen durch das Folgen von Null-Punkt-Rezepten abgenommen.<\/span><\/p>\n\t\t<\/div>\n\t\t\t\t\t<\/div>\n\n\t\n<\/div>\n<blockquote><p>Einige der beliebtesten Null-Punkt-Lebensmittel sind Obst und Gem\u00fcse, H\u00fclsenfr\u00fcchte und Vollkornprodukte. Es gibt viele Rezepte zur Auswahl, sodass Ihnen bei Ihrer Ern\u00e4hrung nie langweilig wird.<\/p><\/blockquote>\n<div class=\"row\"  id=\"row-2051633813\">\n\n\t<div id=\"col-777591831\" class=\"col medium-3 small-12 large-3\"  >\n\t\t\t\t<div class=\"col-inner\"  >\n\t\t\t\n\t\t\t\n\t\t<\/div>\n\t\t\t\t\t<\/div>\n\n\t\n\n\t<div id=\"col-1040222336\" class=\"col medium-6 small-12 large-6\"  >\n\t\t\t\t<div class=\"col-inner text-center\"  >\n\t\t\t\n\t\t\t\n<a href=\"https:\/\/kitchamix.com\/de\/?add-to-cart=3530\" target=\"_self\" class=\"button alert\"  >\n    <span>Online-Exklusiv: Nicht im Laden erh\u00e4ltlich<\/span>\n  <\/a>\n\n\t\t<\/div>\n\t\t\t\t\t<\/div>\n\n\t\n\n\t<div id=\"col-1209497388\" class=\"col medium-3 small-12 large-3\"  >\n\t\t\t\t<div class=\"col-inner\"  >\n\t\t\t\n\t\t\t\n\t\t<\/div>\n\t\t\t\t\t<\/div>\n\n\t\n<\/div>\nHaftungsausschluss: Marken und Marken in diesem Buch sind das alleinige Eigentum ihrer jeweiligen Inhaber. Es wird kein Anspruch auf sie erhoben, und keine Unterst\u00fctzung durch sie f\u00fcr dieses Buch oder Rezepte wird impliziert oder geltend gemacht.<br \/>\n<div class=\"container section-title-container\" ><h3 class=\"section-title section-title-center\"><b><\/b><span class=\"section-title-main\" >Was die Leute \u00fcber dieses Buch sagen<\/span><b><\/b><\/h3><\/div>\n<div class=\"row\"  id=\"row-697475256\">\n\n\t<div id=\"col-1213747808\" class=\"col medium-4 small-12 large-4\"  >\n\t\t\t\t<div class=\"col-inner\"  >\n\t\t\t\n\t\t\t\n  <div class=\"icon-box testimonial-box icon-box-center text-center\">\n                <div class=\"icon-box-img testimonial-image circle\" style=\"width: 121px\">\n                      <\/div>\n                <div class=\"icon-box-text p-last-0\">\n          <div class=\"star-rating\"><span style=\"width:100%\"><strong class=\"rating\"><\/strong><\/span><\/div>  \t\t\t\t<div class=\"testimonial-text line-height-small italic test_text first-reset last-reset is-italic\">\n            \n<p>Ich habe das Buch durchgesehen und einige der Gerichte sehen ansprechend aus. Ich habe noch keine der Rezepte ausprobiert &#8211; aber irgendwann werde ich es tun.<\/p>\n          <\/div>\n          <div class=\"testimonial-meta pt-half\">\n             <strong class=\"testimonial-name test_name\">Katja Achen<\/strong>\n             <span class=\"testimonial-name-divider\"> \/ <\/span>             <span class=\"testimonial-company test_company\">Facebook<\/span>\n          <\/div>\n        <\/div>\n  <\/div>\n\n  \n\t\t<\/div>\n\t\t\t\t\t<\/div>\n\n\t\n\n\t<div id=\"col-1283414220\" class=\"col medium-4 small-12 large-4\"  >\n\t\t\t\t<div class=\"col-inner\"  >\n\t\t\t\n\t\t\t\n  <div class=\"icon-box testimonial-box icon-box-center text-center\">\n                <div class=\"icon-box-img testimonial-image circle\" style=\"width: 121px\">\n                      <\/div>\n                <div class=\"icon-box-text p-last-0\">\n          <div class=\"star-rating\"><span style=\"width:100%\"><strong class=\"rating\"><\/strong><\/span><\/div>  \t\t\t\t<div class=\"testimonial-text line-height-small italic test_text first-reset last-reset is-italic\">\n            \n<div class=\"e-box h-p2 -stacked -radius-none\">\n<p class=\"t-body h-my1\">Ich liebe dieses Buch absolut! Es hat so viele tolle Mahlzeitideen! Dieses Kochbuch ist das Beste. Ich habe Rezepte gemacht und genossen und dabei abgenommen.<\/p>\n<\/div>\n          <\/div>\n          <div class=\"testimonial-meta pt-half\">\n             <strong class=\"testimonial-name test_name\">Anna Moeller<\/strong>\n             <span class=\"testimonial-name-divider\"> \/ <\/span>             <span class=\"testimonial-company test_company\">Facebook<\/span>\n          <\/div>\n        <\/div>\n  <\/div>\n\n  \n\t\t<\/div>\n\t\t\t\t\t<\/div>\n\n\t\n\n\t<div id=\"col-362425171\" class=\"col medium-4 small-12 large-4\"  >\n\t\t\t\t<div class=\"col-inner\"  >\n\t\t\t\n\t\t\t\n  <div class=\"icon-box testimonial-box icon-box-center text-center\">\n                <div class=\"icon-box-img testimonial-image circle\" style=\"width: 121px\">\n                      <\/div>\n                <div class=\"icon-box-text p-last-0\">\n          <div class=\"star-rating\"><span style=\"width:100%\"><strong class=\"rating\"><\/strong><\/span><\/div>  \t\t\t\t<div class=\"testimonial-text line-height-small italic test_text first-reset last-reset is-italic\">\n            \n<p>Ich mag das Buch wirklich. Es entspricht genau der Beschreibung und ist eine gro\u00dfartige Erg\u00e4nzung zum Weight Watchers-Programm. Dieses Buch steht nicht alleine. Es ist ein Kochbuch, das ist alles.<\/p>\n          <\/div>\n          <div class=\"testimonial-meta pt-half\">\n             <strong class=\"testimonial-name test_name\">Andrea Sommer<\/strong>\n             <span class=\"testimonial-name-divider\"> \/ <\/span>             <span class=\"testimonial-company test_company\">Facebook<\/span>\n          <\/div>\n        <\/div>\n  <\/div>\n\n  \n\t\t<\/div>\n\t\t\t\t\t<\/div>\n\n\t\n<\/div>\n","protected":false},"excerpt":{"rendered":"<p><span style=\"color: #00a859;\"><strong>Sie suchen nach Weight Watchers\u00ae-Rezepten mit 0 (Null) Punkten? \u00dcberpr\u00fcfen Sie diese gro\u00dfartige Sammlung von WW\u00ae-Mahlzeiten, Abendessen und Desserts.<\/strong><\/span><\/p>\n","protected":false},"featured_media":17388,"comment_status":"closed","ping_status":"closed","template":"","meta":{"_iconic_wsb_product_page_order_bump_ids":[[10436,7444,12027]],"_sku":[],"_iconic_wsb_product_page_bump_modal_ids":[[]]},"product_brand":[],"product_cat":[72],"product_tag":[],"class_list":{"0":"post-3530","1":"product","2":"type-product","3":"status-publish","4":"has-post-thumbnail","6":"product_cat-books-weight-watchers","8":"first","9":"instock","10":"sale","11":"downloadable","12":"virtual","13":"taxable","14":"purchasable","15":"product-type-simple"},"_links":{"self":[{"href":"https:\/\/kitchamix.com\/de\/wp-json\/wp\/v2\/product\/3530","targetHints":{"allow":["GET"]}}],"collection":[{"href":"https:\/\/kitchamix.com\/de\/wp-json\/wp\/v2\/product"}],"about":[{"href":"https:\/\/kitchamix.com\/de\/wp-json\/wp\/v2\/types\/product"}],"replies":[{"embeddable":true,"href":"https:\/\/kitchamix.com\/de\/wp-json\/wp\/v2\/comments?post=3530"}],"wp:featuredmedia":[{"embeddable":true,"href":"https:\/\/kitchamix.com\/de\/wp-json\/wp\/v2\/media\/17388"}],"wp:attachment":[{"href":"https:\/\/kitchamix.com\/de\/wp-json\/wp\/v2\/media?parent=3530"}],"wp:term":[{"taxonomy":"product_brand","embeddable":true,"href":"https:\/\/kitchamix.com\/de\/wp-json\/wp\/v2\/product_brand?post=3530"},{"taxonomy":"product_cat","embeddable":true,"href":"https:\/\/kitchamix.com\/de\/wp-json\/wp\/v2\/product_cat?post=3530"},{"taxonomy":"product_tag","embeddable":true,"href":"https:\/\/kitchamix.com\/de\/wp-json\/wp\/v2\/product_tag?post=3530"}],"curies":[{"name":"wp","href":"https:\/\/api.w.org\/{rel}","templated":true}]}}