{"id":3337,"date":"2022-11-24T00:20:00","date_gmt":"2022-11-24T00:20:00","guid":{"rendered":"https:\/\/kitchamix.com\/de\/?post_type=product&#038;p=3337"},"modified":"2026-04-08T11:05:49","modified_gmt":"2026-04-08T11:05:49","slug":"die-besten-vegetarischen-weight-watchers-rezepte","status":"publish","type":"product","link":"https:\/\/kitchamix.com\/de\/product\/die-besten-vegetarischen-weight-watchers-rezepte\/","title":{"rendered":"Die besten vegetarischen Weight Watchers\u00ae Rezepte"},"content":{"rendered":"<p><a class=\"button alert is-alert is-medium\"><br \/>\nOnline-Exklusiv: nicht im Gesch\u00e4ft erh\u00e4ltlich<br \/>\n<\/a><\/p>\n<div id=\"row-2126756511\" class=\"row\">\n<h3>Fragen Sie sich, ob Sie einen Weight Watchers\u00ae-Abnehmplan befolgen und gleichzeitig vollst\u00e4ndig auf tierische Produkte verzichten k\u00f6nnen? <strong>Die Antwort lautet ja<\/strong>.<\/h3>\n<h3>Sie werden einige gro\u00dfartige Rezepte in der Hinterhand haben wollen, um Ihre Ziele zu erreichen, und dieses Kochbuch wird Ihnen dabei helfen.<\/h3>\n<ul>\n<li>Alle Rezepte enthalten N\u00e4hrwertangaben und <strong>WW\u00ae Smart Points\u00ae<\/strong>.<\/li>\n<li>Leicht zu findende Zutaten und einfache Anleitung<\/li>\n<li>Portions- und Kochinformationen, um wertvolle Zeit zu sparen<\/li>\n<\/ul>\n<\/div>\n<h3>Das Buch, das f\u00fcr Ihr gesundes Leben unverzichtbar wird!<\/h3>\n<p>In diesem WW-Kochbuch finden Sie die besten vegetarischen Rezepte von Weight Watchers\u00ae.<\/p>\n<p>Bei allen sind die WW\u00ae-Punkte f\u00fcr den SmartPoint\u00ae aufgef\u00fchrt und w\u00e4hrend Personal Points\u00ae variieren k\u00f6nnen, haben alle Rezepte nur wenige Punkte, sodass sie f\u00fcr fast jeden geeignet sind.<\/p>\n<p>Vom Fr\u00fchst\u00fcck bis zu Hauptspeisen, Smoothie-Bowls bis zu Pasta \u2013 diese Liste gesunder vegetarischer und veganer Rezepte wird Sie auf Ihrem Weg zu einem gesunden Leben und einem absoluten Wohlf\u00fchlgef\u00fchl unterst\u00fctzen.<\/p>\n<p><strong>Einfache, gesunde Weight Watchers-freundliche vegetarische Rezepte.<\/strong><\/p>\n<p><span style=\"color: #ed1c24;\"><strong>Haftungsausschluss:<\/strong> <\/span>Die in diesem Buch dargestellten Handelsmarken und Marken sind das alleinige Eigentum ihrer jeweiligen Inhaber. Es wird kein Anspruch auf sie erhoben und es wird keine implizite oder behauptete Billigung dieses Buches oder der Rezepte durch sie behauptet.<\/p>\n<div class=\"container section-title-container\" style=\"margin-top: 28px;\">\n<h3 class=\"section-title section-title-center\"><b><\/b><span class=\"section-title-main\">Was die Leute \u00fcber dieses Buch sagen<\/span><b><\/b><\/h3>\n<\/div>\n<div id=\"row-548153886\" class=\"row\">\n<div id=\"col-126240582\" class=\"col medium-1\/3 large-4\">\n<div class=\"col-inner\">\n<div class=\"icon-box testimonial-box icon-box-left text-left\">\n<div class=\"icon-box-img testimonial-image circle\" style=\"width: 80px;\"><img decoding=\"async\" src=\"https:\/\/kitchamix.com\/de\/wp-content\/uploads\/2021\/08\/user-avatar.png\" alt=\"Dorinda J. Coleman\" \/><\/div>\n<div class=\"icon-box-text p-last-0\">\n<div class=\"star-rating\"><\/div>\n<div class=\"testimonial-text line-height-small kursiv test_text erstes Zur\u00fccksetzen letztes Zur\u00fccksetzen ist kursiv\">\n<p>Die meisten Rezepte in diesem Buch sind einfach nachzukochen. Es gab nichts \u201eSeltsames\u201c, aber ich konnte trotzdem meine alten Favoriten aufpeppen und meinem langweiligen Speiseplan Leben einhauchen. Eine tolle kleine Rezeptsammlung. Ich habe es auch genossen, neue Getreidesorten auszuprobieren \u2013 Quinoa ist mein neuer Favorit!<\/p>\n<\/div>\n<div class=\"testimonial-meta pt-half\"><strong class=\"testimonial-name test_name\">Dorinda J. Coleman<\/strong><\/div>\n<\/div>\n<\/div>\n<\/div>\n<\/div>\n<div id=\"col-665327847\" class=\"col medium-1\/3 large-4\">\n<div class=\"col-inner\">\n<div class=\"icon-box testimonial-box icon-box-left text-left\">\n<div class=\"icon-box-img testimonial-image circle\" style=\"width: 80px;\"><img decoding=\"async\" src=\"https:\/\/kitchamix.com\/de\/wp-content\/uploads\/2021\/08\/user-avatar.png\" alt=\"Willie M. Fraga\" \/><\/div>\n<div class=\"icon-box-text p-last-0\">\n<div class=\"star-rating\"><\/div>\n<div class=\"testimonial-text line-height-small italic test_text first-reset last-reset is-italic\">\n<p>Ich bereite mich darauf vor, wieder mit Weight Watchers anzufangen, also habe ich dieses Buch bestellt und die Rezepte ausprobiert. Was f\u00fcr eine freudige \u00dcberraschung das war! (Ich bin verbl\u00fcfft, dass dies ganz leicht zu einem meiner Lieblingskochb\u00fccher wird.) Ich habe nur vier oder f\u00fcnf Rezepte ausprobiert, aber sie waren alle ziemlich einfach zuzubereiten, sehr schmackhaft und, ehrlich gesagt, besser als fast alle meine anderen vegetarischen Kochb\u00fccher (von denen ich viele habe!). Ich liebe es&#8230; kann es kaum erwarten, die restlichen Rezepte auszuprobieren!<\/p>\n<\/div>\n<div class=\"testimonial-meta pt-half\"><strong class=\"testimonial-name test_name\">Willie M. Fraga<\/strong><\/div>\n<\/div>\n<\/div>\n<\/div>\n<\/div>\n<div id=\"col-1050497560\" class=\"col medium-1\/3 large-4\">\n<div class=\"col-inner\">\n<div class=\"icon-box testimonial-box icon-box-left text-left\">\n<div class=\"icon-box-img testimonial-image circle\" style=\"width: 80px;\"><img decoding=\"async\" src=\"https:\/\/kitchamix.com\/de\/wp-content\/uploads\/2021\/08\/user-avatar.png\" alt=\"Charlotte S. Stumpf\" \/><\/div>\n<div class=\"icon-box-text p-last-0\">\n<div class=\"star-rating\"><\/div>\n<div class=\"testimonial-text line-height-small italic test_text first-reset last-reset is-italic\">\n<p>Mir hat dieses Kochbuch sehr gut gefallen, denn es ist schwer, ein gutes vegetarisches Di\u00e4tkochbuch zu finden. Das ganze Buch enth\u00e4lt Tipps zum Abnehmen und die Rezepte sind lecker. Dieses WW-Kochbuch enth\u00e4lt eine Aufschl\u00fcsselung der N\u00e4hrwertinformationen, die Ihnen dabei helfen, Ihre t\u00e4gliche Kalorienaufnahme zu kontrollieren.<\/p>\n<\/div>\n<div class=\"testimonial-meta pt-half\"><strong class=\"testimonial-name test_name\">Charlotte S. Stumpf<\/strong><\/div>\n<\/div>\n<\/div>\n<\/div>\n<\/div>\n<\/div>\n<p style=\"text-align: center;\"><a class=\"button secondary is-secondary is-large\" href=\"https:\/\/kitchamix.com\/de\/?add-to-cart=3337\" target=\"_self\" rel=\"noopener\" data-animate=\"fadeInLeft\"><br \/>\nZum Warenkorb hinzuf\u00fcgen<br \/>\n<i class=\"icon-angle-right\"><\/i><\/a><\/p>\n","protected":false},"excerpt":{"rendered":"<p><span style=\"color: #00a859;\"><strong>45 m\u00fchelose vegetarische Rezepte f\u00fcr allt\u00e4gliche Mahlzeiten<\/strong><\/span><\/p>\n","protected":false},"featured_media":17401,"comment_status":"closed","ping_status":"closed","template":"","meta":{"_iconic_wsb_product_page_order_bump_ids":[[]],"_sku":[],"_iconic_wsb_product_page_bump_modal_ids":[[]]},"product_brand":[],"product_cat":[72],"product_tag":[],"class_list":{"0":"post-3337","1":"product","2":"type-product","3":"status-publish","4":"has-post-thumbnail","6":"product_cat-books-weight-watchers","8":"first","9":"instock","10":"sale","11":"downloadable","12":"virtual","13":"taxable","14":"purchasable","15":"product-type-simple"},"_links":{"self":[{"href":"https:\/\/kitchamix.com\/de\/wp-json\/wp\/v2\/product\/3337","targetHints":{"allow":["GET"]}}],"collection":[{"href":"https:\/\/kitchamix.com\/de\/wp-json\/wp\/v2\/product"}],"about":[{"href":"https:\/\/kitchamix.com\/de\/wp-json\/wp\/v2\/types\/product"}],"replies":[{"embeddable":true,"href":"https:\/\/kitchamix.com\/de\/wp-json\/wp\/v2\/comments?post=3337"}],"wp:featuredmedia":[{"embeddable":true,"href":"https:\/\/kitchamix.com\/de\/wp-json\/wp\/v2\/media\/17401"}],"wp:attachment":[{"href":"https:\/\/kitchamix.com\/de\/wp-json\/wp\/v2\/media?parent=3337"}],"wp:term":[{"taxonomy":"product_brand","embeddable":true,"href":"https:\/\/kitchamix.com\/de\/wp-json\/wp\/v2\/product_brand?post=3337"},{"taxonomy":"product_cat","embeddable":true,"href":"https:\/\/kitchamix.com\/de\/wp-json\/wp\/v2\/product_cat?post=3337"},{"taxonomy":"product_tag","embeddable":true,"href":"https:\/\/kitchamix.com\/de\/wp-json\/wp\/v2\/product_tag?post=3337"}],"curies":[{"name":"wp","href":"https:\/\/api.w.org\/{rel}","templated":true}]}}