{"id":3223,"date":"2022-11-15T00:34:08","date_gmt":"2022-11-15T00:34:08","guid":{"rendered":"https:\/\/kitchamix.com\/de\/?post_type=product&#038;p=3223"},"modified":"2026-03-21T08:51:47","modified_gmt":"2026-03-21T08:51:47","slug":"new-weight-watchers-freestyle-program-2025","status":"publish","type":"product","link":"https:\/\/kitchamix.com\/de\/product\/new-weight-watchers-freestyle-program-2025\/","title":{"rendered":"Neues Weight Watchers\u00ae Freestyle Programm 2025"},"content":{"rendered":"<p><center><br \/>\n<a class=\"button alert is-alert is-medium\"  >\n    <span>Online-Exklusiv: nicht im Gesch\u00e4ft erh\u00e4ltlich<\/span>\n  <\/a>\n<\/center><center><\/center><br \/>\n<div class=\"row\"  id=\"row-905957224\">\n<h3>Das neue Weight Watchers\u00ae Freestyle-Programm 2025 bietet eine gro\u00dfe Auswahl an Rezepten und Programmen f\u00fcr alle, die an Gewichtsverlust und Gewichtskontrolle interessiert sind.<\/h3>\n<ul>\n<li>Alle Rezepte enthalten N\u00e4hrwertangaben und <strong>WW\u00ae Smart Points\u00ae<\/strong> sowie <strong>PersonalPoints\u00ae<\/strong>.<\/li>\n<li>Leicht zu findende Zutaten und einfache Anleitung<\/li>\n<li>Portions- und Kochinformationen, um wertvolle Zeit zu sparen<\/li>\n<\/ul>\n<\/div>\n<h3>Das Buch, das f\u00fcr Ihr gesundes Leben unverzichtbar wird!<\/h3>\n<p>Wer sagt, dass Essen bei Weight Watchers nicht lecker sein kann? Das Sch\u00f6ne an WW\u00ae ist, dass Sie alles essen k\u00f6nnen, was Sie wollen, solange Sie innerhalb Ihres Punktelimits bleiben.<\/p>\n<p>Wir haben diese gro\u00dfartige Liste mit <strong>85 Weight Watchers\u00ae-Rezepten<\/strong> zum Nachkochen zusammengestellt, die jedem schmecken. Egal, welchen Plan Sie verfolgen, all diese Rezepte werden Ihnen helfen, Ihre Ziele zu erreichen.<\/p>\n<p>Holen Sie sich jetzt ein Exemplar dieses fantastischen \u201e<strong>Neuen Weight Watchers\u00ae Freestyle-Programms 2025<\/strong>\u201c und beginnen Sie noch heute mit dem Kochen einfacher und gesunder Mahlzeiten!<\/p>\n<p><span style=\"color: #ed1c24;\"><strong>Haftungsausschluss:<\/strong> <\/span> Die in diesem Buch dargestellten Handelsmarken und Marken sind das alleinige Eigentum ihrer jeweiligen Inhaber. Es wird kein Anspruch auf sie erhoben und es wird keine Billigung dieses Buches oder der Rezepte durch sie impliziert oder behauptet.<\/p>\n<div class=\"container section-title-container\" style=\"margin-top:28px;\"><h3 class=\"section-title section-title-center\"><b><\/b><span class=\"section-title-main\" >Was die Leute \u00fcber dieses Buch sagen<\/span><b><\/b><\/h3><\/div>\n<div class=\"row\"  id=\"row-1091246552\">\n\n\t<div id=\"col-792041188\" class=\"col medium-1\/3 large-4\"  >\n\t\t\t\t<div class=\"col-inner\"  >\n\t\t\t\n\t\t\t\n  <div class=\"icon-box testimonial-box icon-box-left text-left\">\n                <div class=\"icon-box-img testimonial-image circle\" style=\"width: 80px\">\n              <img decoding=\"async\" src=\"https:\/\/kitchamix.com\/de\/wp-content\/uploads\/2021\/08\/user-avatar.png\" alt=\"Lorena B. Barrett\" \/>        <\/div>\n                <div class=\"icon-box-text p-last-0\">\n          <div class=\"star-rating\"><span style=\"width:100%\"><strong class=\"rating\"><\/strong><\/span><\/div>  \t\t\t\t<div class=\"testimonial-text line-height-small italic test_text first-reset last-reset is-italic\">\n            \n<p>Das Buch enth\u00e4lt tolle und ausgew\u00e4hlte WW\u00ae-Rezepte, mit denen Sie Ihr Abnehmziel erreichen k\u00f6nnen. Ich hoffe, die Rezepte im Buch werden Sie zufriedenstellen. Kaufen Sie das Buch so schnell wie m\u00f6glich und probieren Sie es jetzt aus.<\/p>\n          <\/div>\n          <div class=\"testimonial-meta pt-half\">\n             <strong class=\"testimonial-name test_name\">Lorena B. Barrett<\/strong>\n                          <span class=\"testimonial-company test_company\"><\/span>\n          <\/div>\n        <\/div>\n  <\/div>\n\n  \n\t\t<\/div>\n\t\t\t\t\t<\/div>\n\n\t\n\n\t<div id=\"col-1865656289\" class=\"col medium-1\/3 large-4\"  >\n\t\t\t\t<div class=\"col-inner\"  >\n\t\t\t\n\t\t\t\n  <div class=\"icon-box testimonial-box icon-box-left text-left\">\n                <div class=\"icon-box-img testimonial-image circle\" style=\"width: 80px\">\n              <img decoding=\"async\" src=\"https:\/\/kitchamix.com\/de\/wp-content\/uploads\/2021\/08\/user-avatar.png\" alt=\"Sarah J. Boucher\" \/>        <\/div>\n                <div class=\"icon-box-text p-last-0\">\n          <div class=\"star-rating\"><span style=\"width:100%\"><strong class=\"rating\"><\/strong><\/span><\/div>  \t\t\t\t<div class=\"testimonial-text line-height-small italic test_text first-reset last-reset is-italic\">\n            \n<p>Die Punkte sind sehr leicht zu verstehen. Ich w\u00fcrde dieses Buch allen empfehlen, die in ihrem Punktebereich bleiben m\u00f6chten.<\/p>\n          <\/div>\n          <div class=\"testimonial-meta pt-half\">\n             <strong class=\"testimonial-name test_name\">Sarah J. Boucher<\/strong>\n                          <span class=\"testimonial-company test_company\"><\/span>\n          <\/div>\n        <\/div>\n  <\/div>\n\n  \n\t\t<\/div>\n\t\t\t\t\t<\/div>\n\n\t\n\n\t<div id=\"col-1417904013\" class=\"col medium-1\/3 large-4\"  >\n\t\t\t\t<div class=\"col-inner\"  >\n\t\t\t\n\t\t\t\n  <div class=\"icon-box testimonial-box icon-box-left text-left\">\n                <div class=\"icon-box-img testimonial-image circle\" style=\"width: 80px\">\n              <img decoding=\"async\" src=\"https:\/\/kitchamix.com\/de\/wp-content\/uploads\/2021\/08\/user-avatar.png\" alt=\"Sonia D. Smith\" \/>        <\/div>\n                <div class=\"icon-box-text p-last-0\">\n          <div class=\"star-rating\"><span style=\"width:100%\"><strong class=\"rating\"><\/strong><\/span><\/div>  \t\t\t\t<div class=\"testimonial-text line-height-small italic test_text first-reset last-reset is-italic\">\n            \n<p>Dies ist ein gutes Kochbuch f\u00fcr das \u00e4ltere Weight Watchers-Programm. Es enth\u00e4lt nicht die blauen, gr\u00fcnen und violetten Smart Points, die Weight Watchers heute verwendet. Ich verwende dieses Kochbuch jede Woche. Es enth\u00e4lt eine Menge verschiedener Rezepte und es ist mit den neuen Smart Points auf dem neuesten Stand. Ich bin sehr zufrieden mit diesem Kauf und habe auch eines f\u00fcr meine Mutter bestellt.<\/p>\n          <\/div>\n          <div class=\"testimonial-meta pt-half\">\n             <strong class=\"testimonial-name test_name\">Sonia D. Smith<\/strong>\n                          <span class=\"testimonial-company test_company\"><\/span>\n          <\/div>\n        <\/div>\n  <\/div>\n\n  \n\t\t<\/div>\n\t\t\t\t\t<\/div>\n\n\t\n<\/div>\n<p style=\"text-align: center;\"><a data-animate=\"fadeInLeft\" href=\"https:\/\/kitchamix.com\/de\/?add-to-cart=3223\" target=\"_self\" class=\"button secondary is-secondary is-large\"  >\n    <span>Zum Warenkorb hinzuf\u00fcgen<\/span>\n  <i class=\"icon-angle-right\" ><\/i><\/a>\n\n<p>&nbsp;<\/p>\n<p>&nbsp;<\/p>\n<p>&nbsp;<\/p>\n","protected":false},"excerpt":{"rendered":"<p><strong>Holen Sie sich jede Menge Rezepte f\u00fcr Snacks, Mahlzeiten, Desserts usw. gegen eine <em>einmalige<\/em><em>Zahlung (dies ist kein Abonnement).<\/em><\/strong><\/p>\n","protected":false},"featured_media":17386,"comment_status":"closed","ping_status":"closed","template":"","meta":{"_iconic_wsb_product_page_order_bump_ids":[[]],"_sku":[],"_iconic_wsb_product_page_bump_modal_ids":[[]]},"product_brand":[],"product_cat":[72],"product_tag":[],"class_list":{"0":"post-3223","1":"product","2":"type-product","3":"status-publish","4":"has-post-thumbnail","6":"product_cat-books-weight-watchers","8":"first","9":"instock","10":"sale","11":"downloadable","12":"virtual","13":"taxable","14":"purchasable","15":"product-type-simple"},"_links":{"self":[{"href":"https:\/\/kitchamix.com\/de\/wp-json\/wp\/v2\/product\/3223","targetHints":{"allow":["GET"]}}],"collection":[{"href":"https:\/\/kitchamix.com\/de\/wp-json\/wp\/v2\/product"}],"about":[{"href":"https:\/\/kitchamix.com\/de\/wp-json\/wp\/v2\/types\/product"}],"replies":[{"embeddable":true,"href":"https:\/\/kitchamix.com\/de\/wp-json\/wp\/v2\/comments?post=3223"}],"wp:featuredmedia":[{"embeddable":true,"href":"https:\/\/kitchamix.com\/de\/wp-json\/wp\/v2\/media\/17386"}],"wp:attachment":[{"href":"https:\/\/kitchamix.com\/de\/wp-json\/wp\/v2\/media?parent=3223"}],"wp:term":[{"taxonomy":"product_brand","embeddable":true,"href":"https:\/\/kitchamix.com\/de\/wp-json\/wp\/v2\/product_brand?post=3223"},{"taxonomy":"product_cat","embeddable":true,"href":"https:\/\/kitchamix.com\/de\/wp-json\/wp\/v2\/product_cat?post=3223"},{"taxonomy":"product_tag","embeddable":true,"href":"https:\/\/kitchamix.com\/de\/wp-json\/wp\/v2\/product_tag?post=3223"}],"curies":[{"name":"wp","href":"https:\/\/api.w.org\/{rel}","templated":true}]}}