{"id":17884,"date":"2025-03-10T23:32:16","date_gmt":"2025-03-10T23:32:16","guid":{"rendered":"https:\/\/kitchamix.com\/de\/?post_type=product&#038;p=17884"},"modified":"2026-04-12T16:07:26","modified_gmt":"2026-04-12T16:07:26","slug":"0-punkte-weight-watchers-kochbuch","status":"publish","type":"product","link":"https:\/\/kitchamix.com\/de\/product\/0-punkte-weight-watchers-kochbuch\/","title":{"rendered":"Zero Point Weight Watchers Rezepte"},"content":{"rendered":"<p><center><br \/>\n<a class=\"button alert is-alert is-medium\"  >\n    <span>Exklusiv online: nicht im Gesch\u00e4ft erh\u00e4ltlich<\/span>\n  <\/a>\n<\/center><br \/>\n<div class=\"row\"  id=\"row-985575199\">\n\n\t<div id=\"col-313934437\" class=\"col small-12 large-12\"  >\n\t\t\t\t<div class=\"col-inner\"  >\n\t\t\t\n\t\t\t\n\t<div class=\"img has-hover x md-x lg-x y md-y lg-y\" id=\"image_2021579970\">\n\t\t\t\t\t\t\t\t<div class=\"img-inner dark\" >\n\t\t\t\t\t\t\t\t\t\n\t\t\t\t\t<\/div>\n\t\t\t\t\t\t\t\t\n<style>\n#image_2021579970 {\n  width: 100%;\n}\n<\/style>\n\t<\/div>\n\t\n\t\t<\/div>\n\t\t\t\t\t<\/div>\n\n\t\n<\/div>\n<blockquote><p>Werfen Sie einen Blick in das <em>Zero Point Weight WatchersKochbuch<\/em> \u2013 ein kulinarischer Leitfaden voller lebendiger Bilder, die jedes Gericht zum Leben erwecken. Mit einfachen, leicht zu findenden Zutaten und klaren Schritt-f\u00fcr-Schritt-Anleitungen macht dieses Kochbuch gesunde Ern\u00e4hrung f\u00fcr jeden zug\u00e4nglich.Jedes Rezept ist sorgf\u00e4ltig mit N\u00e4hrwertinformationen versehen, damit Sie auf Kurs bleiben und k\u00f6stliche, schuldenfreie Mahlzeiten genie\u00dfen k\u00f6nnen. Dieser Vorgeschmack ist sowohl f\u00fcr Anf\u00e4nger als auch f\u00fcr erfahrene K\u00f6che perfekt und zeigt die Freude und Einfachheit der Zubereitung von Punktgerichten, die Ihren Weg zur Gewichtsabnahme unterst\u00fctzen.<\/p><\/blockquote>\n<p>&nbsp;<\/p>\n<h3><span style=\"color: #000000;\">Das Buch, das f\u00fcr Ihr gesundes Leben unverzichtbar wird!<\/span><\/h3>\n<p><span style=\"color: #000000;\">Sind Sie bereit, Ihren Ansatz zur gesunden Ern\u00e4hrung zu revolutionieren? Mit dem <em>Zero Point Weight WatchersKochbuch zur Gewichtsabnahme<\/em> k\u00f6nnen Sie sich endlich aus dem Kreislauf des Kalorienz\u00e4hlens befreien und Mahlzeiten genie\u00dfen, die ebenso schmackhaft wie schuldenfrei sind. Egal, ob Sie ein erfahrenes Weight Watchers\u00ae-Mitglied sind oder Ihre ersten Schritte mit dem Programm machen, dieses Kochbuch wurde entwickelt, um das Abnehmen angenehm und nachhaltig zu machen.<\/span><\/p>\n<h4><strong><span style=\"color: #000000;\">Was macht diese Version so besonders?<\/span><\/strong><\/h4>\n<p><span style=\"color: #000000;\">Diese aktualisierte Ausgabe des <em>Zero Point Weight WatchersKochbuchs zur Gewichtsabnahme<\/em> enth\u00e4lt atemberaubende Farbfotos von jedem Rezept und bietet Ihnen ein visuelles Fest und Inspiration f\u00fcr jede Mahlzeit. Zus\u00e4tzlich haben wir als Bonus eine exklusive <strong>Zero Point Weight WatchersLebensmittelliste<\/strong> beigef\u00fcgt, die Ihnen das Wissen und die Freiheit vermittelt, jeden Tag ges\u00fcndere Entscheidungen zu treffen.<\/span><\/p>\n<h3><span style=\"color: #000000;\">Eine neue Art zu essen, zu genie\u00dfen und abzunehmen<\/span><\/h3>\n<p><span style=\"color: #000000;\">In diesem Kochbuch finden Sie <strong>70 abwechslungsreiche und k\u00f6stliche Rezepte<\/strong>, die sorgf\u00e4ltig auf das ZeroPoint Weight Watchers\u00ae-System abgestimmt sind. Das bedeutet, dass Sie s\u00e4ttigende Mahlzeiten genie\u00dfen k\u00f6nnen, ohne einen einzigen Punkt zu Ihrer t\u00e4glichen Aufnahme hinzuzuf\u00fcgen. Vom Fr\u00fchst\u00fcck bis zum Abendessen und sogar Snacks und Desserts sind diese Rezepte so konzipiert, dass sie zu einer Vielzahl von Ern\u00e4hrungsvorlieben und Lebensstilen passen.<\/span><\/p>\n<h4><span style=\"color: #000000;\">Was Sie entdecken werden:<\/span><\/h4>\n<ul>\n<li><span style=\"color: #000000;\"><strong>Lebendige Salate:<\/strong> Frische und farbenfrohe Gerichte, die Gem\u00fcse zum Leben erwecken, wie mediterraner Kichererbsensalat und w\u00fcrziger Mango-Gurken-Salat.<\/span><\/li>\n<li><span style=\"color: #000000;\"><strong>Herzhafte Suppen:<\/strong> Warme, wohltuende Sch\u00fcsseln voller K\u00f6stlichkeiten wie cremige Blumenkohlsuppe und rustikaler Linseneintopf.<\/span><\/li>\n<li><span style=\"color: #000000;\"><strong>S\u00e4ttigende Proteine:<\/strong> Geschmacksintensive Optionen wie pikante gegrillte H\u00e4hnchenspie\u00dfe und Zitronen-Kr\u00e4uter-Lachs.<\/span><\/li>\n<li><span style=\"color: #000000;\"><strong>Leckereien ohne schlechtes Gewissen:<\/strong> Verw\u00f6hnende, aber dennoch Zero Point Weight WatchersOptionen wie griechisches Joghurtparfait mit frischen Beeren und zuckerfreiem Apfel Zimtkompott.<\/span><\/li>\n<\/ul>\n<p><span style=\"color: #000000;\">Jedes Rezept ist mit einem sch\u00f6nen, hochwertigen Foto versehen, das Ihnen in der K\u00fcche als Leitfaden und Inspiration dient.<\/span><\/p>\n<hr \/>\n<h3><span style=\"color: #000000;\">Mehr als nur Rezepte<\/span><\/h3>\n<p><span style=\"color: #000000;\">Im <em>Zero Point Weight WatchersAbnehm-Kochbuch<\/em> geht es nicht nur ums Kochen \u2013 es soll Ihnen dabei helfen, die Kontrolle \u00fcber Ihre Ern\u00e4hrung zu \u00fcbernehmen und einen ges\u00fcnderen Lebensstil zu f\u00fchren. Neben den Rezepten finden Sie:<\/span><\/p>\n<ul>\n<li><span style=\"color: #000000;\"><strong>Tipps zum Ersetzen von Zutaten:<\/strong> Entdecken Sie einfache M\u00f6glichkeiten, Ihre Lieblingsgerichte leichter und ges\u00fcnder zu machen.<\/span><\/li>\n<li><span style=\"color: #000000;\"><strong>Anleitung zur Portionskontrolle:<\/strong> Lernen Sie, wie Sie ausgewogene Mahlzeiten zubereiten, die den Hunger stillen, ohne zu viel zu essen.<\/span><\/li>\n<li><span style=\"color: #000000;\"><strong>Bewusste Essgewohnheiten:<\/strong> Entwickeln Sie Gewohnheiten, die Ihnen helfen, Essen intensiver zu genie\u00dfen und gleichzeitig Ihre Ziele zu erreichen.<\/span><\/li>\n<\/ul>\n<h3><span style=\"color: #000000;\">Bonus: Die Zero Point Weight WatchersLebensmittelliste<\/span><\/h3>\n<p><span style=\"color: #000000;\">Als exklusive Erg\u00e4nzung zu diesem Kochbuch haben wir enthielt eine umfassende <strong>Zero Point Weight WatchersLebensmittelliste<\/strong>. Dieser Leitfaden ist Ihr ultimativer Begleiter, um die gro\u00dfe Vielfalt an Lebensmitteln zu verstehen, die Sie im Rahmen des Weight Watchers\u00ae-Programms frei genie\u00dfen k\u00f6nnen. Von Obst und Gem\u00fcse bis hin zu magerem Eiwei\u00df und H\u00fclsenfr\u00fcchten wird diese Liste Sie dazu inspirieren, Mahlzeiten zusammenzustellen, die sowohl k\u00f6stlich als auch di\u00e4tfreundlich sind.<\/span><\/p>\n<h3><span style=\"color: #000000;\">Warum dieses Kochbuch Ihr Leben ver\u00e4ndern wird<\/span><\/h3>\n<p><span style=\"color: #000000;\">Das <em>Zero Point Weight WatchersKochbuch zur Gewichtsabnahme<\/em> ist mehr als nur eine Sammlung von Rezepten \u2013 es ist ein Werkzeug zur Transformation. Das zeichnet es aus:<\/span><\/p>\n<ul>\n<li><span style=\"color: #000000;\"><strong>Optische Attraktivit\u00e4t:<\/strong> Hochwertige Fotos von jedem Gericht sorgen daf\u00fcr, dass Sie genau wissen, was Sie zubereiten und wie es aussehen soll.<\/span><\/li>\n<li><span style=\"color: #000000;\"><strong>Benutzerfreundlichkeit:<\/strong> Klare, schrittweise Anleitungen machen das Kochen selbst f\u00fcr Anf\u00e4nger zum Kinderspiel.<\/span><\/li>\n<li><span style=\"color: #000000;\"><strong>Nachhaltigkeit:<\/strong> Mit dem Fokus auf Zero Point Weight WatchersLebensmittel f\u00e4llt es Ihnen leichter, Ihre Gewichtsabnahmeziele zu erreichen, ohne sich eingeschr\u00e4nkt zu f\u00fchlen.<\/span><\/li>\n<li><span style=\"color: #000000;\"><strong>Inspiration:<\/strong> Die Rezepte und Tipps sollen Ihre Liebe zum Kochen und gesunden Essen neu entfachen.<\/span><\/li>\n<\/ul>\n<h3><span style=\"color: #000000;\">Machen Sie den ersten Schritt zu einem ges\u00fcnderen Ich<\/span><\/h3>\n<p><span style=\"color: #000000;\">Es ist Zeit, Ihre Einstellung zu gesunder Ern\u00e4hrung neu zu definieren. Mit dem <em>Zero Point Weight WatchersKochbuch zur Gewichtsabnahme<\/em> k\u00f6nnen Sie Mahlzeiten zubereiten, die Ihren K\u00f6rper n\u00e4hren und Ihren Gaumen erfreuen \u2013 und dabei auf Ihrem Weg zur Gewichtsabnahme bleiben.<\/span><span style=\"color: #000000;\">Tauchen Sie noch heute in die Welt des Zero Point Weight WatchersLebens ein und entdecken Sie, wie befriedigend, schmackhaft und befreiend gesunde Ern\u00e4hrung sein kann. Mit lebendigen Rezepten, aufschlussreichen Anleitungen und der Bonus-Lebensmittelliste mit 0 Punkten ist dieses Kochbuch Ihr ultimativer Leitfaden f\u00fcr ein ges\u00fcnderes, gl\u00fccklicheres Leben.<\/span><span style=\"color: #000000;\">Warten Sie nicht \u2013 beginnen Sie Ihre Reise jetzt mit dem <em>Kochbuch zur Gewichtsabnahme mit 0 Punkten<\/em>!<\/span><\/p>\n<p><span style=\"color: #ed1c24;\"><strong>Haftungsausschluss:<\/strong> <\/span> Die in diesem Buch dargestellten Warenzeichen und Marken sind das alleinige Eigentum ihrer jeweiligen Inhaber. Sie werden nicht beansprucht und es wird keine Bef\u00fcrwortung dieses Buches oder der Rezepte durch sie impliziert oder behauptet.<br \/>\n<div class=\"container section-title-container\" style=\"margin-top:28px;\"><h3 class=\"section-title section-title-center\"><b><\/b><span class=\"section-title-main\" >Was die Leute \u00fcber dieses Buch sagen<\/span><b><\/b><\/h3><\/div>\n<div class=\"row\"  id=\"row-44592306\">\n\n\t<div id=\"col-604864137\" class=\"col medium-1\/3 large-4\"  >\n\t\t\t\t<div class=\"col-inner\"  >\n\t\t\t\n\t\t\t\n  <div class=\"icon-box testimonial-box icon-box-left text-left\">\n                <div class=\"icon-box-img testimonial-image circle\" style=\"width: 80px\">\n              <img loading=\"lazy\" decoding=\"async\" width=\"126\" height=\"126\" src=\"https:\/\/kitchamix.com\/de\/wp-content\/uploads\/2025\/03\/user-avatar.png\" class=\"attachment-thumbnail size-thumbnail\" alt=\"\" srcset=\"https:\/\/kitchamix.com\/de\/wp-content\/uploads\/2025\/03\/user-avatar.png 126w, https:\/\/kitchamix.com\/de\/wp-content\/uploads\/2025\/03\/user-avatar-100x100.png 100w\" sizes=\"auto, (max-width: 126px) 100vw, 126px\" \/>        <\/div>\n                <div class=\"icon-box-text p-last-0\">\n          <div class=\"star-rating\"><span style=\"width:100%\"><strong class=\"rating\"><\/strong><\/span><\/div>  \t\t\t\t<div class=\"testimonial-text line-height-small italic test_text first-reset last-reset is-italic\">\n            \n<p>Dieses Kochbuch hat meine Einstellung zu meinen Mahlzeiten v\u00f6llig ver\u00e4ndert. Die Rezepte sind kreativ und doch einfach, und ich finde es toll, dass jedes Rezept lebendige Fotos und N\u00e4hrwertinformationen enth\u00e4lt. Die Zero Point Weight WatchersLebensmittelliste als Bonus ist eine fantastische Erg\u00e4nzung, die die Essensplanung so viel einfacher macht. Ein Muss f\u00fcr jeden, der am Weight Watchers\u00ae-Programm teilnimmt!<\/p>\n          <\/div>\n          <div class=\"testimonial-meta pt-half\">\n             <strong class=\"testimonial-name test_name\">Jessika Urner<\/strong>\n                          <span class=\"testimonial-company test_company\"><\/span>\n          <\/div>\n        <\/div>\n  <\/div>\n\n  \n\t\t<\/div>\n\t\t\t\t\t<\/div>\n\n\t\n\n\t<div id=\"col-905932771\" class=\"col medium-1\/3 large-4\"  >\n\t\t\t\t<div class=\"col-inner\"  >\n\t\t\t\n\t\t\t\n  <div class=\"icon-box testimonial-box icon-box-left text-left\">\n                <div class=\"icon-box-img testimonial-image circle\" style=\"width: 80px\">\n              <img loading=\"lazy\" decoding=\"async\" width=\"126\" height=\"126\" src=\"https:\/\/kitchamix.com\/de\/wp-content\/uploads\/2025\/03\/user-avatar.png\" class=\"attachment-thumbnail size-thumbnail\" alt=\"\" srcset=\"https:\/\/kitchamix.com\/de\/wp-content\/uploads\/2025\/03\/user-avatar.png 126w, https:\/\/kitchamix.com\/de\/wp-content\/uploads\/2025\/03\/user-avatar-100x100.png 100w\" sizes=\"auto, (max-width: 126px) 100vw, 126px\" \/>        <\/div>\n                <div class=\"icon-box-text p-last-0\">\n          <div class=\"star-rating\"><span style=\"width:100%\"><strong class=\"rating\"><\/strong><\/span><\/div>  \t\t\t\t<div class=\"testimonial-text line-height-small italic test_text first-reset last-reset is-italic\">\n            \n<div class=\"testimonial-text line-height-small italic test_text first-reset last-reset is-italic\">Ich war zuerst skeptisch, aber dieses Kochbuch h\u00e4lt wirklich, was es verspricht! Die Rezepte sind schmackhaft und s\u00e4ttigend, und die leicht verst\u00e4ndlichen Anweisungen machen das Kochen stressfrei. Die Fotos inspirieren mich, neue Gerichte auszuprobieren, und ich sch\u00e4tze es, dass die Zutaten alle leicht zug\u00e4nglich und preisg\u00fcnstig sind. Sehr empfehlenswert!<\/div>\n          <\/div>\n          <div class=\"testimonial-meta pt-half\">\n             <strong class=\"testimonial-name test_name\">Birgit Pfeiffer<\/strong>\n                          <span class=\"testimonial-company test_company\"><\/span>\n          <\/div>\n        <\/div>\n  <\/div>\n\n  \n\t\t<\/div>\n\t\t\t\t\t<\/div>\n\n\t\n\n\t<div id=\"col-643156050\" class=\"col medium-1\/3 large-4\"  >\n\t\t\t\t<div class=\"col-inner\"  >\n\t\t\t\n\t\t\t\n  <div class=\"icon-box testimonial-box icon-box-left text-left\">\n                <div class=\"icon-box-img testimonial-image circle\" style=\"width: 80px\">\n              <img loading=\"lazy\" decoding=\"async\" width=\"126\" height=\"126\" src=\"https:\/\/kitchamix.com\/de\/wp-content\/uploads\/2025\/03\/user-avatar.png\" class=\"attachment-thumbnail size-thumbnail\" alt=\"\" srcset=\"https:\/\/kitchamix.com\/de\/wp-content\/uploads\/2025\/03\/user-avatar.png 126w, https:\/\/kitchamix.com\/de\/wp-content\/uploads\/2025\/03\/user-avatar-100x100.png 100w\" sizes=\"auto, (max-width: 126px) 100vw, 126px\" \/>        <\/div>\n                <div class=\"icon-box-text p-last-0\">\n          <div class=\"star-rating\"><span style=\"width:100%\"><strong class=\"rating\"><\/strong><\/span><\/div>  \t\t\t\t<div class=\"testimonial-text line-height-small italic test_text first-reset last-reset is-italic\">\n            \n<p>F\u00fcr mich als Weight Watchers\u00ae-Neuling war dieses Kochbuch ein Lebensretter. Das Layout ist so benutzerfreundlich und ich liebe es, dass es sich auf einfache Zutaten konzentriert, die ich bereits zu Hause habe. Die Tipps zum bewussten Essen und die Zero Point Weight WatchersLebensmittelliste sind genau das, was ich brauchte, um auf Kurs zu bleiben. Au\u00dferdem lassen die Fotos jedes Rezept so appetitlich aussehen!<\/p>\n          <\/div>\n          <div class=\"testimonial-meta pt-half\">\n             <strong class=\"testimonial-name test_name\">Sabrina Vogler<\/strong>\n                          <span class=\"testimonial-company test_company\"><\/span>\n          <\/div>\n        <\/div>\n  <\/div>\n\n  \n\t\t<\/div>\n\t\t\t\t\t<\/div>\n\n\t\n\n\t<div id=\"col-1966556116\" class=\"col medium-1\/3 large-4\"  >\n\t\t\t\t<div class=\"col-inner\"  >\n\t\t\t\n\t\t\t\n  <div class=\"icon-box testimonial-box icon-box-left text-left\">\n                <div class=\"icon-box-img testimonial-image circle\" style=\"width: 80px\">\n              <img loading=\"lazy\" decoding=\"async\" width=\"126\" height=\"126\" src=\"https:\/\/kitchamix.com\/de\/wp-content\/uploads\/2025\/03\/user-avatar.png\" class=\"attachment-thumbnail size-thumbnail\" alt=\"\" srcset=\"https:\/\/kitchamix.com\/de\/wp-content\/uploads\/2025\/03\/user-avatar.png 126w, https:\/\/kitchamix.com\/de\/wp-content\/uploads\/2025\/03\/user-avatar-100x100.png 100w\" sizes=\"auto, (max-width: 126px) 100vw, 126px\" \/>        <\/div>\n                <div class=\"icon-box-text p-last-0\">\n          <div class=\"star-rating\"><span style=\"width:100%\"><strong class=\"rating\"><\/strong><\/span><\/div>  \t\t\t\t<div class=\"testimonial-text line-height-small italic test_text first-reset last-reset is-italic\">\n            \n<p>Die Fotos in diesem Kochbuch sind atemberaubend \u2013 sie lassen jedes Gericht unwiderstehlich aussehen! Aber es geht nicht nur um das Aussehen; die Rezepte sind einfach zuzubereiten und voller Geschmack. Ich habe bereits die gegrillten H\u00e4hnchenspie\u00dfe und den Linseneintopf probiert und beide waren bei meiner Familie ein Hit. Eine gro\u00dfartige Quelle f\u00fcr alle, die sich ges\u00fcnder ern\u00e4hren m\u00f6chten.<\/p>\n          <\/div>\n          <div class=\"testimonial-meta pt-half\">\n             <strong class=\"testimonial-name test_name\">Lena Bachmeier<\/strong>\n                          <span class=\"testimonial-company test_company\"><\/span>\n          <\/div>\n        <\/div>\n  <\/div>\n\n  \n\t\t<\/div>\n\t\t\t\t\t<\/div>\n\n\t\n\n\t<div id=\"col-63659510\" class=\"col medium-1\/3 large-4\"  >\n\t\t\t\t<div class=\"col-inner\"  >\n\t\t\t\n\t\t\t\n  <div class=\"icon-box testimonial-box icon-box-left text-left\">\n                <div class=\"icon-box-img testimonial-image circle\" style=\"width: 80px\">\n              <img loading=\"lazy\" decoding=\"async\" width=\"126\" height=\"126\" src=\"https:\/\/kitchamix.com\/de\/wp-content\/uploads\/2025\/03\/user-avatar.png\" class=\"attachment-thumbnail size-thumbnail\" alt=\"\" srcset=\"https:\/\/kitchamix.com\/de\/wp-content\/uploads\/2025\/03\/user-avatar.png 126w, https:\/\/kitchamix.com\/de\/wp-content\/uploads\/2025\/03\/user-avatar-100x100.png 100w\" sizes=\"auto, (max-width: 126px) 100vw, 126px\" \/>        <\/div>\n                <div class=\"icon-box-text p-last-0\">\n          <div class=\"star-rating\"><span style=\"width:100%\"><strong class=\"rating\"><\/strong><\/span><\/div>  \t\t\t\t<div class=\"testimonial-text line-height-small italic test_text first-reset last-reset is-italic\">\n            \n<p>Ich bin seit Jahren bei Weight Watchers\u00ae und dieses Kochbuch ist eines der besten, die ich gefunden habe. Es ist vollgepackt mit kreativen Ideen f\u00fcr Zero Point Weight WatchersMahlzeiten, die nie langweilig oder eint\u00f6nig wirken. Die Bonus-Lebensmittelliste mit 0 Punkten ist so hilfreich und ich liebe es, wie klar die N\u00e4hrwertinformationen dargestellt sind. Es macht Spa\u00df, aus diesem Buch zu kochen!<\/p>\n          <\/div>\n          <div class=\"testimonial-meta pt-half\">\n             <strong class=\"testimonial-name test_name\">Michelle Wirth<\/strong>\n                          <span class=\"testimonial-company test_company\"><\/span>\n          <\/div>\n        <\/div>\n  <\/div>\n\n  \n\t\t<\/div>\n\t\t\t\t\t<\/div>\n\n\t\n<\/div>\n<p style=\"text-align: center;\"><a data-animate=\"fadeInLeft\" href=\"https:\/\/kitchamix.com\/de\/?add-to-cart=17884\" target=\"_self\" class=\"button secondary is-secondary is-large\"  >\n    <span>Zum Warenkorb hinzuf\u00fcgen<\/span>\n  <i class=\"icon-angle-right\" ><\/i><\/a>\n\n","protected":false},"excerpt":{"rendered":"<p><strong><span style=\"color: #00a859;\">Haben Sie genug von einschr\u00e4nkenden Di\u00e4ten? Entdecken Sie eine neue Art zu essen! Entdecken Sie unsere neue Sammlung von 70 Rezepten mit Zero Point und genie\u00dfen Sie schmackhafte Mahlzeiten ohne den Stress des Punktez\u00e4hlens<\/span> <\/strong><\/p>\n","protected":false},"featured_media":17894,"comment_status":"closed","ping_status":"closed","template":"","meta":{"_iconic_wsb_product_page_order_bump_ids":[[10436,7444,12027]],"_sku":[],"_iconic_wsb_product_page_bump_modal_ids":[[]]},"product_brand":[],"product_cat":[72],"product_tag":[],"class_list":{"0":"post-17884","1":"product","2":"type-product","3":"status-publish","4":"has-post-thumbnail","6":"product_cat-books-weight-watchers","8":"first","9":"instock","10":"sale","11":"downloadable","12":"virtual","13":"taxable","14":"purchasable","15":"product-type-simple"},"_links":{"self":[{"href":"https:\/\/kitchamix.com\/de\/wp-json\/wp\/v2\/product\/17884","targetHints":{"allow":["GET"]}}],"collection":[{"href":"https:\/\/kitchamix.com\/de\/wp-json\/wp\/v2\/product"}],"about":[{"href":"https:\/\/kitchamix.com\/de\/wp-json\/wp\/v2\/types\/product"}],"replies":[{"embeddable":true,"href":"https:\/\/kitchamix.com\/de\/wp-json\/wp\/v2\/comments?post=17884"}],"wp:featuredmedia":[{"embeddable":true,"href":"https:\/\/kitchamix.com\/de\/wp-json\/wp\/v2\/media\/17894"}],"wp:attachment":[{"href":"https:\/\/kitchamix.com\/de\/wp-json\/wp\/v2\/media?parent=17884"}],"wp:term":[{"taxonomy":"product_brand","embeddable":true,"href":"https:\/\/kitchamix.com\/de\/wp-json\/wp\/v2\/product_brand?post=17884"},{"taxonomy":"product_cat","embeddable":true,"href":"https:\/\/kitchamix.com\/de\/wp-json\/wp\/v2\/product_cat?post=17884"},{"taxonomy":"product_tag","embeddable":true,"href":"https:\/\/kitchamix.com\/de\/wp-json\/wp\/v2\/product_tag?post=17884"}],"curies":[{"name":"wp","href":"https:\/\/api.w.org\/{rel}","templated":true}]}}