{"id":13906,"date":"2023-10-02T08:44:38","date_gmt":"2023-10-02T08:44:38","guid":{"rendered":"https:\/\/kitchamix.com\/de\/?post_type=product&#038;p=13906"},"modified":"2026-03-15T10:24:41","modified_gmt":"2026-03-15T10:24:41","slug":"1-woechiger-ernaehrungsplan-fuer-diabetiker","status":"publish","type":"product","link":"https:\/\/kitchamix.com\/de\/product\/1-woechiger-ernaehrungsplan-fuer-diabetiker\/","title":{"rendered":"1-W\u00f6chiger Ern\u00e4hrungsplan f\u00fcr Diabetiker"},"content":{"rendered":"<p><center><br \/>\n<a class=\"button alert is-alert is-medium\"  >\n    <span>Online-Exklusiv: nicht im Gesch\u00e4ft erh\u00e4ltlich<\/span>\n  <\/a>\n<\/center><center><\/center><br \/>\n<div class=\"row\"  id=\"row-26819156\">\n<h3>Suchen Sie nach einer praktischen und k\u00f6stlichen M\u00f6glichkeit, Ihren Diabetes zu managen und dabei leckere, kohlenhydratarme Mahlzeiten zu genie\u00dfen? Dann sind Sie bei unserem \u201e1-w\u00f6chigen Diabetiker-Speiseplan mit kohlenhydratarmen Mahlzeiten\u201c genau richtig. Dieser umfassende Leitfaden ist Ihr Leitfaden zur Aufrechterhaltung eines stabilen Blutzuckerspiegels und zum Genie\u00dfen einer vielf\u00e4ltigen Auswahl k\u00f6stlicher, diabetesfreundlicher Gerichte.<\/h3>\n<\/div>\n<h3>Das Buch, das f\u00fcr Ihr gesundes Leben unverzichtbar wird!<\/h3>\n<p><strong>Was ist drin:<\/strong><\/p>\n<ul>\n<li><strong>K\u00f6stlichkeiten mit wenig Kohlenhydraten:<\/strong> Verabschieden Sie sich von kohlenhydratbedingten Spitzen und Abst\u00fcrzen. Unser Speiseplan ist vollgepackt mit kohlenhydratarmen Rezepten, die sowohl nahrhaft als auch s\u00e4ttigend sind. Genie\u00dfen Sie Mahlzeiten, die Ihnen helfen, Ihren Blutzuckerspiegel unter Kontrolle zu halten, ohne auf Geschmack verzichten zu m\u00fcssen.<\/li>\n<li><strong>Sorgf\u00e4ltig zusammengestellte Rezepte:<\/strong> Unser Team aus erfahrenen Ern\u00e4hrungswissenschaftlern und kulinarischen Experten hat sorgf\u00e4ltig Rezepte f\u00fcr eine Woche zusammengestellt. Jedes Gericht ist so konzipiert, dass die Kohlenhydrataufnahme minimiert und Geschmack und N\u00e4hrwert maximiert werden.<\/li>\n<li><strong>Einfach zu befolgende Anweisungen:<\/strong> Keine kulinarischen Verwirrungen mehr. Unser Buch enth\u00e4lt schrittweise Anweisungen und leicht erh\u00e4ltliche Zutaten, sodass Sie diese Mahlzeiten mit Leichtigkeit und Selbstvertrauen zubereiten k\u00f6nnen.<\/li>\n<li><strong>N\u00e4hrwertaufschl\u00fcsselung:<\/strong> Wir glauben an fundierte Entscheidungen. Jedes Rezept enth\u00e4lt eine detaillierte N\u00e4hrwertaufschl\u00fcsselung, einschlie\u00dflich Kohlenhydratanzahl, Ballaststoffgehalt, Protein und mehr. \u00dcbernehmen Sie die Kontrolle \u00fcber Ihren Diabetes mit pr\u00e4zisen N\u00e4hrwertinformationen auf Knopfdruck.<\/li>\n<li><strong>Abwechslung und Geschmack:<\/strong> Die Behandlung von Diabetes sollte nicht langweilig sein. Unser Speiseplan bietet eine gro\u00dfe Auswahl an Rezepten, vom Fr\u00fchst\u00fcck bis zum Abendessen, mit Aromen, die Ihren Gaumen anregen und Ihre Mahlzeiten interessant machen.<\/li>\n<li><strong>Anleitung zur Portionskontrolle:<\/strong> Die Einhaltung der richtigen Portionsgr\u00f6\u00dfen ist f\u00fcr die Behandlung von Diabetes unerl\u00e4sslich. Unser Speiseplan enth\u00e4lt klare Anleitungen zur Portionskontrolle, die Ihnen helfen, Ihre Gesundheitsziele zu erreichen und beizubehalten.<\/li>\n<li><strong>Einkaufen leicht gemacht:<\/strong> Sparen Sie Zeit und reduzieren Sie Lebensmittelabf\u00e4lle mit unserer praktischen Einkaufsliste, die sorgf\u00e4ltig erstellt wurde, um mit den Rezepten im Speiseplan \u00fcbereinzustimmen.<\/li>\n<li><strong>Gesundheitseinblicke:<\/strong> Zus\u00e4tzlich zum Speiseplan bietet unser Buch wertvolle Einblicke in die Behandlung von Diabetes und Tipps f\u00fcr Lebensstil\u00e4nderungen, die zu Ihrem allgemeinen Wohlbefinden beitragen k\u00f6nnen.<\/li>\n<\/ul>\n<p>\u00dcbernehmen Sie die Kontrolle \u00fcber Ihren Diabetes und Ihre Ern\u00e4hrung mit unserem \u201e1-w\u00f6chigen Speiseplan f\u00fcr Diabetiker mit kohlenhydratarmen Mahlzeiten\u201c. Erleben Sie die Freude an ausgewogenem, schmackhaftem Essen, ohne Ihre Gesundheit zu gef\u00e4hrden.<\/p>\n<p><strong>Bereit, den ersten Schritt zu einem ges\u00fcnderen Ich zu machen?<\/strong> Lassen Sie nicht zu, dass Diabetes Ihr Leben bestimmt. Beschreiten Sie mit unserem \u201e1-w\u00f6chigen Ern\u00e4hrungsplan f\u00fcr Diabetiker mit kohlenhydratarmen Mahlzeiten\u201c einen ges\u00fcnderen, kohlenhydratarmen Lebensstil. Bestellen Sie jetzt Ihr Exemplar und begeben Sie sich auf eine Reise zu besserer Blutzuckerkontrolle und schmackhafteren Mahlzeiten. Ihr Wohlbefinden ist nur einen Klick entfernt!<\/p>\n<div style=\"text-align: center;\"><a data-animate=\"fadeInLeft\" href=\"https:\/\/kitchamix.com\/de\/?add-to-cart=13906\" target=\"_self\" class=\"button secondary is-secondary is-large\"  >\n    <span>JETZT KAUFEN<\/span>\n  <i class=\"icon-angle-right\" ><\/i><\/a>\n<\/div>\n<p><span style=\"color: #ed1c24;\"><strong>Haftungsausschluss:<\/strong> <\/span>Die in diesem Buch dargestellten Handelsmarken und Marken sind das alleinige Eigentum ihrer jeweiligen Inhaber. Es wird kein Anspruch auf sie erhoben und es wird keine implizite oder behauptete Billigung dieses Buches oder der Rezepte durch sie behauptet.<br \/>\n<div class=\"container section-title-container\" style=\"margin-top:28px;\"><h3 class=\"section-title section-title-center\"><b><\/b><span class=\"section-title-main\" >Was die Leute \u00fcber dieses Buch sagen<\/span><b><\/b><\/h3><\/div>\n<div class=\"row\"  id=\"row-1194124258\">\n\n\t<div id=\"col-2139540958\" class=\"col medium-1\/3 large-4\"  >\n\t\t\t\t<div class=\"col-inner\"  >\n\t\t\t\n\t\t\t\n  <div class=\"icon-box testimonial-box icon-box-left text-left\">\n                <div class=\"icon-box-img testimonial-image circle\" style=\"width: 80px\">\n              <img decoding=\"async\" src=\"https:\/\/kitchamix.com\/de\/wp-content\/uploads\/2021\/08\/user-avatar.png\" alt=\"Tiffany E. Frank\" \/>        <\/div>\n                <div class=\"icon-box-text p-last-0\">\n          <div class=\"star-rating\"><span style=\"width:100%\"><strong class=\"rating\"><\/strong><\/span><\/div>  \t\t\t\t<div class=\"testimonial-text line-height-small italic test_text first-reset last-reset is-italic\">\n            \n<p>Ich kann gar nicht ausdr\u00fccken, wie dankbar ich f\u00fcr diesen Ern\u00e4hrungsplan bin. Als Diabetikerin hatte ich Schwierigkeiten, leckere kohlenhydratarme Optionen zu finden, aber dieses Buch hat alles ver\u00e4ndert. Die Rezepte sind leicht nachzukochen und die Mahlzeiten sind absolut k\u00f6stlich. Mein Blutzuckerspiegel war noch nie so stabil und ich habe mein Essen noch nie so genossen. Sehr zu empfehlen!<\/p>\n          <\/div>\n          <div class=\"testimonial-meta pt-half\">\n             <strong class=\"testimonial-name test_name\">Tiffany E. Frank<\/strong>\n                          <span class=\"testimonial-company test_company\"><\/span>\n          <\/div>\n        <\/div>\n  <\/div>\n\n  \n\t\t<\/div>\n\t\t\t\t\t<\/div>\n\n\t\n\n\t<div id=\"col-1044428631\" class=\"col medium-1\/3 large-4\"  >\n\t\t\t\t<div class=\"col-inner\"  >\n\t\t\t\n\t\t\t\n  <div class=\"icon-box testimonial-box icon-box-left text-left\">\n                <div class=\"icon-box-img testimonial-image circle\" style=\"width: 80px\">\n              <img decoding=\"async\" src=\"https:\/\/kitchamix.com\/de\/wp-content\/uploads\/2021\/08\/user-avatar.png\" alt=\"Helen J. Serrano\" \/>        <\/div>\n                <div class=\"icon-box-text p-last-0\">\n          <div class=\"star-rating\"><span style=\"width:100%\"><strong class=\"rating\"><\/strong><\/span><\/div>  \t\t\t\t<div class=\"testimonial-text line-height-small italic test_text first-reset last-reset is-italic\">\n            \n<div class=\"testimonial-text line-height-small italic test_text first-reset last-reset is-italic\">\n<p>Dieser Speiseplan ist eine Offenbarung! Es ist erstaunlich, wie schmackhaft und s\u00e4ttigend kohlenhydratarme Mahlzeiten sein k\u00f6nnen. Die Vielfalt der Rezepte h\u00e4lt die Dinge interessant und die N\u00e4hrwertangaben sind eine fantastische Hilfe. Ich habe bereits eine positive Ver\u00e4nderung meiner Gesundheit bemerkt und kann es kaum erwarten, weitere Rezepte aus diesem Buch auszuprobieren.<\/p>\n<\/div>\n          <\/div>\n          <div class=\"testimonial-meta pt-half\">\n             <strong class=\"testimonial-name test_name\">Helen J. Serrano<\/strong>\n                          <span class=\"testimonial-company test_company\"><\/span>\n          <\/div>\n        <\/div>\n  <\/div>\n\n  \n\t\t<\/div>\n\t\t\t\t\t<\/div>\n\n\t\n\n\t<div id=\"col-1200272415\" class=\"col medium-1\/3 large-4\"  >\n\t\t\t\t<div class=\"col-inner\"  >\n\t\t\t\n\t\t\t\n  <div class=\"icon-box testimonial-box icon-box-left text-left\">\n                <div class=\"icon-box-img testimonial-image circle\" style=\"width: 80px\">\n              <img decoding=\"async\" src=\"https:\/\/kitchamix.com\/de\/wp-content\/uploads\/2021\/08\/user-avatar.png\" alt=\"Lillian W. Rodriguez\" \/>        <\/div>\n                <div class=\"icon-box-text p-last-0\">\n          <div class=\"star-rating\"><span style=\"width:100%\"><strong class=\"rating\"><\/strong><\/span><\/div>  \t\t\t\t<div class=\"testimonial-text line-height-small italic test_text first-reset last-reset is-italic\">\n            \n<p>Wenn Sie Diabetiker sind, ist dieses Buch ein Muss. Die kohlenhydratarmen Rezepte sind leicht nachzukochen und die N\u00e4hrwertangaben sind unglaublich hilfreich. Ich sch\u00e4tze die Vielfalt der Gerichte und freue mich jetzt tats\u00e4chlich auf die Mahlzeiten. Es hat sich in nur einer Woche erheblich auf meine Gesundheit ausgewirkt.<\/p>\n          <\/div>\n          <div class=\"testimonial-meta pt-half\">\n             <strong class=\"testimonial-name test_name\">Lillian W. Rodriguez<\/strong>\n                          <span class=\"testimonial-company test_company\"><\/span>\n          <\/div>\n        <\/div>\n  <\/div>\n\n  \n\t\t<\/div>\n\t\t\t\t\t<\/div>\n\n\t\n<\/div>\n<p>&nbsp;<\/p>\n","protected":false},"excerpt":{"rendered":"<p><strong><span style=\"color: #00a859;\">Ver\u00e4ndern Sie Ihr Leben mit unserem 1-w\u00f6chigen Ern\u00e4hrungsplan f\u00fcr Diabetiker mit kohlenhydratarmen Mahlzeiten! Entdecken Sie schmackhafte, diabetesfreundliche Rezepte, die den Blutzuckerspiegel unter Kontrolle halten.<\/span> <\/strong><\/p>\n","protected":false},"featured_media":17448,"comment_status":"closed","ping_status":"closed","template":"","meta":{"_iconic_wsb_product_page_order_bump_ids":[[12027,11672,3530]],"_sku":[],"_iconic_wsb_product_page_bump_modal_ids":[[6013,3308,9720,8280]]},"product_brand":[],"product_cat":[72],"product_tag":[],"class_list":{"0":"post-13906","1":"product","2":"type-product","3":"status-publish","4":"has-post-thumbnail","6":"product_cat-books-weight-watchers","8":"first","9":"instock","10":"sale","11":"downloadable","12":"virtual","13":"taxable","14":"purchasable","15":"product-type-simple"},"_links":{"self":[{"href":"https:\/\/kitchamix.com\/de\/wp-json\/wp\/v2\/product\/13906","targetHints":{"allow":["GET"]}}],"collection":[{"href":"https:\/\/kitchamix.com\/de\/wp-json\/wp\/v2\/product"}],"about":[{"href":"https:\/\/kitchamix.com\/de\/wp-json\/wp\/v2\/types\/product"}],"replies":[{"embeddable":true,"href":"https:\/\/kitchamix.com\/de\/wp-json\/wp\/v2\/comments?post=13906"}],"wp:featuredmedia":[{"embeddable":true,"href":"https:\/\/kitchamix.com\/de\/wp-json\/wp\/v2\/media\/17448"}],"wp:attachment":[{"href":"https:\/\/kitchamix.com\/de\/wp-json\/wp\/v2\/media?parent=13906"}],"wp:term":[{"taxonomy":"product_brand","embeddable":true,"href":"https:\/\/kitchamix.com\/de\/wp-json\/wp\/v2\/product_brand?post=13906"},{"taxonomy":"product_cat","embeddable":true,"href":"https:\/\/kitchamix.com\/de\/wp-json\/wp\/v2\/product_cat?post=13906"},{"taxonomy":"product_tag","embeddable":true,"href":"https:\/\/kitchamix.com\/de\/wp-json\/wp\/v2\/product_tag?post=13906"}],"curies":[{"name":"wp","href":"https:\/\/api.w.org\/{rel}","templated":true}]}}