{"id":11672,"date":"2023-08-20T23:07:52","date_gmt":"2023-08-20T23:07:52","guid":{"rendered":"https:\/\/kitchamix.com\/de\/?post_type=product&#038;p=11672"},"modified":"2026-03-17T18:25:11","modified_gmt":"2026-03-17T18:25:11","slug":"diabetesfreundliche-rezepte-von-weight-watchers","status":"publish","type":"product","link":"https:\/\/kitchamix.com\/de\/product\/diabetesfreundliche-rezepte-von-weight-watchers\/","title":{"rendered":"Diabetes Freundliche Rezepte von Weight Watchers\u00ae"},"content":{"rendered":"<p><center><br \/>\n<a class=\"button alert is-alert is-medium\"  >\n    <span>Online-Exklusiv: nicht im Gesch\u00e4ft erh\u00e4ltlich<\/span>\n  <\/a>\n<\/center><center><\/center><br \/>\n<div class=\"row\"  id=\"row-1562860493\">\n<h3>Wir stellen vor: Diabetesfreundliche Rezepte von Weight Watchers\u00ae: Eine kulinarische Reise zu Gesundheit und Geschmack\u201c<\/h3>\n<p>Entdecken Sie die Kunst des k\u00f6stlichen Essens, w\u00e4hrend Sie Ihren Diabetes m\u00fchelos in den Griff bekommen, mit unserem bahnbrechenden Kochbuch \u201eDiabetesfreundliche Rezepte von Weight Watchers\u00ae\u201c.<\/p>\n<\/div>\n<h3>Begeben Sie sich auf ein gastronomisches Abenteuer, das Ihre Gesundheit und Ihren Gaumen wunderbar ins Gleichgewicht bringt.<\/h3>\n<p>Dieses Buch wurde von einem Team aus Ern\u00e4hrungsexperten und kulinarischen Meistern verfasst und ist ein Beweis daf\u00fcr, dass Sie jeden Bissen genie\u00dfen k\u00f6nnen, ohne Kompromisse bei Ihrem Wohlbefinden einzugehen.<\/p>\n<h4><strong>Auf diesen Seiten finden Sie:<\/strong><\/h4>\n<ul>\n<li><strong>K\u00f6stliche Harmonie<\/strong>: Werten Sie Ihre t\u00e4glichen Mahlzeiten mit einer Schatztruhe voller sorgf\u00e4ltig zusammengestellter Rezepte auf, um Ihren Blutzuckerspiegel konstant zu halten. Von herzhaften Fr\u00fchst\u00fccken \u00fcber k\u00f6stliche Hauptgerichte bis hin zu Desserts ohne schlechtes Gewissen ist jedes Gericht eine Symphonie aus Aromen und N\u00e4hrstoffen.<\/li>\n<li><strong>Einfachheit und Zug\u00e4nglichkeit<\/strong>: Egal, ob Sie ein erfahrener Koch oder ein K\u00fcchenneuling sind, unsere Schritt-f\u00fcr-Schritt-Anleitungen machen das Kochen zum Kinderspiel. Jedes Rezept ist klar und pr\u00e4gnant und auf Einfachheit und Erfolg ausgelegt, um ein stressfreies kulinarisches Erlebnis zu gew\u00e4hrleisten.<\/li>\n<li><strong>Ern\u00e4hrungsbewusste Ern\u00e4hrung<\/strong>: Verschaffen Sie sich das Wissen, das Sie ben\u00f6tigen, um fundierte Ern\u00e4hrungsentscheidungen zu treffen. Jedes Rezept enth\u00e4lt detaillierte N\u00e4hrwertinformationen, die Ihnen helfen, die Auswirkungen jeder Zutat auf Ihre Gesundheit zu verstehen.<\/li>\n<li><strong>Lebensstilberatung<\/strong>: Tauchen Sie \u00fcber Rezepte hinaus in einen ganzheitlichen Ansatz zur Behandlung von Diabetes ein. Erhalten Sie Einblicke in Portionskontrolle, bewusstes Essen und praktische Tipps, um diabetesfreundliche Entscheidungen in Ihren Alltag zu integrieren.<\/li>\n<li><strong>Wellness genie\u00dfen<\/strong>: Verw\u00f6hnen Sie sich mit kulinarischen Gen\u00fcssen und pflegen Sie gleichzeitig einen ges\u00fcnderen Lebensstil. Entdecken Sie, wie einfache Austauschm\u00f6glichkeiten und kreative Zutatenauswahl Ihre Lieblingsgerichte in nahrhafte K\u00f6stlichkeiten verwandeln k\u00f6nnen.<\/li>\n<li><strong>Endlose Inspiration<\/strong>: Mit diesen exklusiven Rezepten an Ihren Fingerspitzen wird Ihnen nie die Inspiration f\u00fcr lebendige und ausgewogene Mahlzeiten ausgehen, die Ihren individuellen Ern\u00e4hrungsbed\u00fcrfnissen gerecht werden.<\/li>\n<\/ul>\n<p>\u201eWeight Watchers\u00ae Diabetesfreundliche Rezepte\u201c ist nicht nur ein Kochbuch; es ist ein kulinarischer Begleiter auf Ihrem Weg zur Gesundheit. Egal, ob Sie Ihren Diabetes in den Griff bekommen oder einfach einen nahrhafteren Lebensstil pflegen m\u00f6chten, dieses Buch ist Ihr Leitfaden, um die Aromen des Lebens zu genie\u00dfen und gleichzeitig Ihr Wohlbefinden zu f\u00f6rdern.<\/p>\n<p><strong>Nicht nur essen \u2013 genie\u00dfen. Es ist Zeit, mit \u201eDiabetesfreundliche Rezepte von Weight Watchers\u00ae\u201c einen geschmackvollen Weg zur Vitalit\u00e4t einzuschlagen.<\/strong><\/p>\n<div><\/div>\n<p><span style=\"color: #ed1c24;\"><strong>Haftungsausschluss:<\/strong> <\/span>Die in diesem Buch dargestellten Handelsmarken und Marken sind das alleinige Eigentum ihrer jeweiligen Inhaber. Es wird kein Anspruch auf sie erhoben und es wird keine Billigung dieses Buches oder der Rezepte durch sie impliziert oder behauptet.<\/p>\n<div class=\"container section-title-container\" style=\"margin-top:28px;\"><h3 class=\"section-title section-title-center\"><b><\/b><span class=\"section-title-main\" >Was die Leute \u00fcber dieses Buch sagen<\/span><b><\/b><\/h3><\/div>\n<div class=\"row\"  id=\"row-1084705708\">\n\n\t<div id=\"col-1904016233\" class=\"col medium-1\/3 large-4\"  >\n\t\t\t\t<div class=\"col-inner\"  >\n\t\t\t\n\t\t\t\n  <div class=\"icon-box testimonial-box icon-box-left text-left\">\n                <div class=\"icon-box-img testimonial-image circle\" style=\"width: 80px\">\n              <img decoding=\"async\" src=\"https:\/\/kitchamix.com\/de\/wp-content\/uploads\/2021\/08\/user-avatar.png\" alt=\"Vanessa N. Cooper\" \/>        <\/div>\n                <div class=\"icon-box-text p-last-0\">\n          <div class=\"star-rating\"><span style=\"width:100%\"><strong class=\"rating\"><\/strong><\/span><\/div>  \t\t\t\t<div class=\"testimonial-text line-height-small italic test_text first-reset last-reset is-italic\">\n            \n<p>Absolut lebensver\u00e4ndernd! Als Diabetikerin war es eine Herausforderung, ein Kochbuch zu finden, das meinen Gesundheitsbed\u00fcrfnissen gerecht wird, ohne den Geschmack zu beeintr\u00e4chtigen. \u201eWW Diabetes-Friendly Recipes\u201c hat alles ver\u00e4ndert! Jedes Rezept, das ich ausprobiert habe, war ein Genuss und strotzte vor Aromen, die ich in einer diabetesfreundlichen Mahlzeit nie f\u00fcr m\u00f6glich gehalten h\u00e4tte. Dieses Buch hat gesunde Ern\u00e4hrung f\u00fcr mich angenehm und nachhaltig gemacht.<\/p>\n          <\/div>\n          <div class=\"testimonial-meta pt-half\">\n             <strong class=\"testimonial-name test_name\">Vanessa N. Cooper<\/strong>\n                          <span class=\"testimonial-company test_company\"><\/span>\n          <\/div>\n        <\/div>\n  <\/div>\n\n  \n\t\t<\/div>\n\t\t\t\t\t<\/div>\n\n\t\n\n\t<div id=\"col-1543406221\" class=\"col medium-1\/3 large-4\"  >\n\t\t\t\t<div class=\"col-inner\"  >\n\t\t\t\n\t\t\t\n  <div class=\"icon-box testimonial-box icon-box-left text-left\">\n                <div class=\"icon-box-img testimonial-image circle\" style=\"width: 80px\">\n              <img decoding=\"async\" src=\"https:\/\/kitchamix.com\/de\/wp-content\/uploads\/2021\/08\/user-avatar.png\" alt=\"Mary M. Fields\" \/>        <\/div>\n                <div class=\"icon-box-text p-last-0\">\n          <div class=\"star-rating\"><span style=\"width:100%\"><strong class=\"rating\"><\/strong><\/span><\/div>  \t\t\t\t<div class=\"testimonial-text line-height-small italic test_text first-reset last-reset is-italic\">\n            \n<div class=\"testimonial-text line-height-small italic test_text first-reset last-reset is-italic\">\n<p>K\u00f6stlichkeit neu definiert! Ich kann den Machern von \u201eWW Diabetes-Friendly Recipes\u201c gar nicht genug danken. Dieses Buch hat meine Vorstellung von diabetikerfreundlichen Mahlzeiten auf den Kopf gestellt. Die Rezepte sind so unglaublich schmackhaft und vielf\u00e4ltig. Ich habe endlich wieder Freude am Kochen und mein Blutzuckerspiegel war noch nie so stabil. Ein Muss f\u00fcr alle, die einen schmackhafteren Weg zur Gesundheit suchen.<\/p>\n<\/div>\n          <\/div>\n          <div class=\"testimonial-meta pt-half\">\n             <strong class=\"testimonial-name test_name\">Mary M. Fields<\/strong>\n                          <span class=\"testimonial-company test_company\"><\/span>\n          <\/div>\n        <\/div>\n  <\/div>\n\n  \n\t\t<\/div>\n\t\t\t\t\t<\/div>\n\n\t\n\n\t<div id=\"col-2097348867\" class=\"col medium-1\/3 large-4\"  >\n\t\t\t\t<div class=\"col-inner\"  >\n\t\t\t\n\t\t\t\n  <div class=\"icon-box testimonial-box icon-box-left text-left\">\n                <div class=\"icon-box-img testimonial-image circle\" style=\"width: 80px\">\n              <img decoding=\"async\" src=\"https:\/\/kitchamix.com\/de\/wp-content\/uploads\/2021\/08\/user-avatar.png\" alt=\"Debra M. Self\" \/>        <\/div>\n                <div class=\"icon-box-text p-last-0\">\n          <div class=\"star-rating\"><span style=\"width:100%\"><strong class=\"rating\"><\/strong><\/span><\/div>  \t\t\t\t<div class=\"testimonial-text line-height-small italic test_text first-reset last-reset is-italic\">\n            \n<p>Ich habe \u201eWW Diabetes-Friendly Recipes\u201c f\u00fcr meinen Mann gekauft, bei dem k\u00fcrzlich Diabetes diagnostiziert wurde. Dieses Buch ist ein Segen. Die Rezepte sind nicht nur diabetesfreundlich, sondern auch familienfreundlich. Wir alle genie\u00dfen diese Mahlzeiten zusammen und die Gesundheit meines Mannes verbessert sich. Vielen Dank, dass Sie so ein wunderbares Kochbuch erstellt haben!<\/p>\n          <\/div>\n          <div class=\"testimonial-meta pt-half\">\n             <strong class=\"testimonial-name test_name\">Debra M. Self<\/strong>\n                          <span class=\"testimonial-company test_company\"><\/span>\n          <\/div>\n        <\/div>\n  <\/div>\n\n  \n\t\t<\/div>\n\t\t\t\t\t<\/div>\n\n\t\n<\/div>\n<p style=\"text-align: center;\"><a data-animate=\"fadeInLeft\" href=\"https:\/\/kitchamix.com\/de\/?add-to-cart=11672\" target=\"_self\" class=\"button secondary is-secondary is-large\"  >\n    <span>In den Warenkorb<\/span>\n  <i class=\"icon-angle-right\" ><\/i><\/a>\n\n<p>&nbsp;<\/p>\n<p>&nbsp;<\/p>\n<p>&nbsp;<\/p>\n<p>&nbsp;<\/p>\n","protected":false},"excerpt":{"rendered":"<p><strong><span style=\"color: #ed1c24;\">Erleben Sie die perfekte Kombination aus Geschmack und Gesundheit mit diesen 98 k\u00f6stlichen Gerichten, die speziell auf die Regulierung des Blutzuckerspiegels abgestimmt sind, ohne Kompromisse beim Geschmack einzugehen.<\/span><\/strong><\/p>\n","protected":false},"featured_media":17399,"comment_status":"closed","ping_status":"closed","template":"","meta":{"_iconic_wsb_product_page_order_bump_ids":[[3530,7444,13906]],"_sku":[],"_iconic_wsb_product_page_bump_modal_ids":[[6013,9720,13906]]},"product_brand":[],"product_cat":[72],"product_tag":[],"class_list":{"0":"post-11672","1":"product","2":"type-product","3":"status-publish","4":"has-post-thumbnail","6":"product_cat-books-weight-watchers","8":"first","9":"instock","10":"sale","11":"downloadable","12":"virtual","13":"taxable","14":"purchasable","15":"product-type-simple"},"_links":{"self":[{"href":"https:\/\/kitchamix.com\/de\/wp-json\/wp\/v2\/product\/11672","targetHints":{"allow":["GET"]}}],"collection":[{"href":"https:\/\/kitchamix.com\/de\/wp-json\/wp\/v2\/product"}],"about":[{"href":"https:\/\/kitchamix.com\/de\/wp-json\/wp\/v2\/types\/product"}],"replies":[{"embeddable":true,"href":"https:\/\/kitchamix.com\/de\/wp-json\/wp\/v2\/comments?post=11672"}],"wp:featuredmedia":[{"embeddable":true,"href":"https:\/\/kitchamix.com\/de\/wp-json\/wp\/v2\/media\/17399"}],"wp:attachment":[{"href":"https:\/\/kitchamix.com\/de\/wp-json\/wp\/v2\/media?parent=11672"}],"wp:term":[{"taxonomy":"product_brand","embeddable":true,"href":"https:\/\/kitchamix.com\/de\/wp-json\/wp\/v2\/product_brand?post=11672"},{"taxonomy":"product_cat","embeddable":true,"href":"https:\/\/kitchamix.com\/de\/wp-json\/wp\/v2\/product_cat?post=11672"},{"taxonomy":"product_tag","embeddable":true,"href":"https:\/\/kitchamix.com\/de\/wp-json\/wp\/v2\/product_tag?post=11672"}],"curies":[{"name":"wp","href":"https:\/\/api.w.org\/{rel}","templated":true}]}}