{"id":10436,"date":"2023-07-12T00:30:34","date_gmt":"2023-07-12T00:30:34","guid":{"rendered":"https:\/\/kitchamix.com\/de\/?post_type=product&#038;p=10436"},"modified":"2026-04-17T13:21:21","modified_gmt":"2026-04-17T13:21:21","slug":"28-day-weight-watchers-meal-plan","status":"publish","type":"product","link":"https:\/\/kitchamix.com\/de\/product\/28-day-weight-watchers-meal-plan\/","title":{"rendered":"28-Tage Weight Watchers\u00ae Ern\u00e4hrungsplan"},"content":{"rendered":"<p><center><br \/>\n<a class=\"button alert is-alert is-medium\"  >\n    <span>Online-Exklusiv: nicht im Gesch\u00e4ft erh\u00e4ltlich<\/span>\n  <\/a>\n<\/center><center><\/center><br \/>\n<div class=\"row\"  id=\"row-244703414\">\n<h3>Sind Sie bereit, Ihren Lebensstil positiv zu ver\u00e4ndern und die Kontrolle \u00fcber Ihre Gesundheit zu \u00fcbernehmen? Dann sind Sie mit dem umfassenden und effektiven 28-Tage-Ern\u00e4hrungsplan von Weight Watchers genau richtig.<\/h3>\n<\/div>\n<h3>Das Buch, das f\u00fcr Ihr gesundes Leben unverzichtbar wird!<\/h3>\n<p>Dieses Buch ist Ihr ultimativer Leitfaden zum Erreichen Ihrer Gewichtsverlustziele und zur Aufrechterhaltung eines gesunden Lebensstils. Es kombiniert die bew\u00e4hrten Prinzipien von Weight Watchers\u00ae mit einem praktischen und leicht zu befolgenden Ern\u00e4hrungsplan, der Ihnen dabei helfen soll, die \u00fcberfl\u00fcssigen Pfunde loszuwerden und sich gro\u00dfartig zu f\u00fchlen.<\/p>\n<h4><strong>Hauptmerkmale:<\/strong><\/h4>\n<ul>\n<li><strong>Ern\u00e4hrungsphysiologisch ausgewogene Ern\u00e4hrungspl\u00e4ne:<\/strong> Verabschieden Sie sich vom R\u00e4tselraten. Unser Buch bietet Ihnen <strong>28 Tage k\u00f6stlicher, ern\u00e4hrungsphysiologisch ausgewogener Ern\u00e4hrungspl\u00e4ne<\/strong>, die Ihnen den Stress bei der Essensplanung nehmen. Sie werden eine Vielzahl gesunder und leckerer Rezepte genie\u00dfen, die Sie satt und ges\u00e4ttigt halten.<\/li>\n<li><strong>Einfach zu befolgende Rezepte:<\/strong> Unser Buch enth\u00e4lt eine gro\u00dfe Auswahl an Rezepten, darunter Fr\u00fchst\u00fcck, Mittagessen, Abendessen und Snacks \u2013 alle so konzipiert, dass sie in das Weight Watchers\u00ae-Punktesystem passen. Von k\u00f6stlichen Salaten bis hin zu geschmacksintensiven Hauptgerichten entdecken Sie eine ganz neue Welt k\u00f6stlicher, schlank machender Mahlzeiten.<\/li>\n<li><strong>Portionskontrolle und Flexibilit\u00e4t:<\/strong> Sie m\u00fcssen nicht auf Ihre Lieblingsspeisen verzichten oder sie ganz streichen. Mit dem 28-Tage-Ern\u00e4hrungsplan von Weight Watchers lernen Sie die Kunst der Portionskontrolle und wie Sie intelligentere Lebensmittelentscheidungen treffen. Unser flexibler Ansatz erm\u00f6glicht es Ihnen, sich gelegentlich etwas zu g\u00f6nnen und Leckereien zu genie\u00dfen, w\u00e4hrend Sie trotzdem Ihre Gewichtsabnahmeziele erreichen.<\/li>\n<li><strong>Unterst\u00fctzende Gemeinschaft:<\/strong> Wenn Sie Ihre Gewichtsabnahmereise mit dem 28-Tage-Ern\u00e4hrungsplan von Weight Watchers\u00ae beginnen, schlie\u00dfen Sie sich einer unterst\u00fctzenden Gemeinschaft gleichgesinnter Personen an. Vernetzen Sie sich mit anderen, teilen Sie Ihre Erfahrungen und finden Sie Inspiration, um Ihren Weg zu einem ges\u00fcnderen Ich fortzusetzen.<\/li>\n<li><strong>Lebenslanges Wohlbefinden:<\/strong> Dieses Buch ist mehr als nur eine vor\u00fcbergehende L\u00f6sung. Es ist Ihr Leitfaden, um langfristig einen gesunden Lebensstil zu erreichen und beizubehalten. Lernen Sie wertvolle Tipps und Strategien, die Ihnen helfen, auf Kurs zu bleiben, nachhaltige Gewohnheiten zu entwickeln und positive Ver\u00e4nderungen vorzunehmen, die ein Leben lang halten.<\/li>\n<\/ul>\n<p>Treffen Sie noch heute die Entscheidung, Ihre Gesundheit und Ihr Wohlbefinden an erste Stelle zu setzen. <strong>Investieren Sie in das 28-Tage-Ern\u00e4hrungsplanbuch von Weight Watchers\u00ae<\/strong> und entfesseln Sie die Kraft einer gesunden, ausgewogenen Ern\u00e4hrung in Kombination mit der Unterst\u00fctzung der Weight Watchers\u00ae-Community.Ihre Reise zu einem ges\u00fcnderen, gl\u00fccklicheren Ich beginnt hier!<\/p>\n<div><\/div>\n<p><span style=\"color: #ed1c24;\"><strong>Haftungsausschluss:<\/strong> <\/span>Die in diesem Buch dargestellten Handelsmarken und Marken sind das alleinige Eigentum ihrer jeweiligen Inhaber. Es wird kein Anspruch auf sie erhoben und es wird keine Billigung dieses Buches oder der Rezepte durch sie impliziert oder behauptet.<\/p>\n<div class=\"container section-title-container\" style=\"margin-top:28px;\"><h3 class=\"section-title section-title-center\"><b><\/b><span class=\"section-title-main\" >Was die Leute \u00fcber dieses Buch sagen<\/span><b><\/b><\/h3><\/div>\n<div class=\"row\"  id=\"row-1526746437\">\n\n\t<div id=\"col-1144954190\" class=\"col medium-1\/3 large-4\"  >\n\t\t\t\t<div class=\"col-inner\"  >\n\t\t\t\n\t\t\t\n  <div class=\"icon-box testimonial-box icon-box-left text-left\">\n                <div class=\"icon-box-img testimonial-image circle\" style=\"width: 80px\">\n              <img decoding=\"async\" src=\"https:\/\/kitchamix.com\/de\/wp-content\/uploads\/2021\/08\/user-avatar.png\" alt=\"Brittney M. Lawrence\" \/>        <\/div>\n                <div class=\"icon-box-text p-last-0\">\n          <div class=\"star-rating\"><span style=\"width:100%\"><strong class=\"rating\"><\/strong><\/span><\/div>  \t\t\t\t<div class=\"testimonial-text line-height-small italic test_text first-reset last-reset is-italic\">\n            \n<p>Das \u201e28-Tage Weight Watchers Ern\u00e4hrungsplanbuch\u201c ist ein Wendepunkt! Als jemand, der jahrelang mit dem Abnehmen gek\u00e4mpft hat, kann ich mit Sicherheit sagen, dass dieses Buch den entscheidenden Unterschied gemacht hat. Die Ern\u00e4hrungspl\u00e4ne sind leicht zu befolgen, die Rezepte sind k\u00f6stlich und die Unterst\u00fctzung des Weight Watchers-Punktesystems h\u00e4lt mich jeden Tag auf Kurs. Es ist erstaunlich, wie viel Unterschied dieses Buch in so kurzer Zeit gemacht hat. Ich kann es jedem w\u00e4rmstens empfehlen, der nachhaltige \u00c4nderungen seines Lebensstils vornehmen und seine Gewichtsabnahmeziele erreichen m\u00f6chte.<\/p>\n          <\/div>\n          <div class=\"testimonial-meta pt-half\">\n             <strong class=\"testimonial-name test_name\">Brittney M. Lawrence<\/strong>\n                          <span class=\"testimonial-company test_company\"><\/span>\n          <\/div>\n        <\/div>\n  <\/div>\n\n  \n\t\t<\/div>\n\t\t\t\t\t<\/div>\n\n\t\n\n\t<div id=\"col-840495787\" class=\"col medium-1\/3 large-4\"  >\n\t\t\t\t<div class=\"col-inner\"  >\n\t\t\t\n\t\t\t\n  <div class=\"icon-box testimonial-box icon-box-left text-left\">\n                <div class=\"icon-box-img testimonial-image circle\" style=\"width: 80px\">\n              <img decoding=\"async\" src=\"https:\/\/kitchamix.com\/de\/wp-content\/uploads\/2021\/08\/user-avatar.png\" alt=\"Cathryn J. Stafford\" \/>        <\/div>\n                <div class=\"icon-box-text p-last-0\">\n          <div class=\"star-rating\"><span style=\"width:100%\"><strong class=\"rating\"><\/strong><\/span><\/div>  \t\t\t\t<div class=\"testimonial-text line-height-small italic test_text first-reset last-reset is-italic\">\n            \n<div class=\"testimonial-text line-height-small italic test_text first-reset last-reset is-italic\">Ich bin absolut begeistert von dem 28-Tage-Ern\u00e4hrungsplan von Weight Watchers! Es hat meine Beziehung zum Essen komplett ver\u00e4ndert und mir geholfen, diese hartn\u00e4ckigen Pfunde loszuwerden. Der Ern\u00e4hrungsplan ist so praktisch und nimmt mir das ganze R\u00e4tselraten ab. Jedes einzelne Rezept, das ich ausprobiert habe, war unglaublich lecker, und die Tatsache, dass das Buch f\u00fcr jedes Rezept die Weight Watchers-Punkte angibt, ist ein echter Wendepunkt. Ich f\u00fchle mich energiegeladener, selbstbewusster und zufriedener mit meinen Mahlzeiten als je zuvor. Wenn Sie bereit sind, die Kontrolle \u00fcber Ihre Gesundheit zu \u00fcbernehmen und Ihre Gewichtsabnahmeziele zu erreichen, ist dieses Buch ein Muss!<\/div>\n          <\/div>\n          <div class=\"testimonial-meta pt-half\">\n             <strong class=\"testimonial-name test_name\">Cathryn J. Stafford<\/strong>\n                          <span class=\"testimonial-company test_company\"><\/span>\n          <\/div>\n        <\/div>\n  <\/div>\n\n  \n\t\t<\/div>\n\t\t\t\t\t<\/div>\n\n\t\n\n\t<div id=\"col-1255957493\" class=\"col medium-1\/3 large-4\"  >\n\t\t\t\t<div class=\"col-inner\"  >\n\t\t\t\n\t\t\t\n  <div class=\"icon-box testimonial-box icon-box-left text-left\">\n                <div class=\"icon-box-img testimonial-image circle\" style=\"width: 80px\">\n              <img decoding=\"async\" src=\"https:\/\/kitchamix.com\/de\/wp-content\/uploads\/2021\/08\/user-avatar.png\" alt=\"Kevin M. Atkinson\" \/>        <\/div>\n                <div class=\"icon-box-text p-last-0\">\n          <div class=\"star-rating\"><span style=\"width:100%\"><strong class=\"rating\"><\/strong><\/span><\/div>  \t\t\t\t<div class=\"testimonial-text line-height-small italic test_text first-reset last-reset is-italic\">\n            \n<p>Was mir am meisten an dem 28-Tage-Ern\u00e4hrungsplan von Weight Watchers gef\u00e4llt, ist, dass es sich nicht nur auf das Abnehmen konzentriert, sondern einen ganzheitlichen Ansatz f\u00fcr das Wohlbefinden bietet. Die Rezepte sind vollgepackt mit gesunden, nahrhaften Zutaten und der Ern\u00e4hrungsplan ist so konzipiert, dass Sie sich energiegeladen und zufrieden f\u00fchlen. Nach nur wenigen Wochen mit diesem Plan habe ich das Gef\u00fchl, dass sich meine allgemeine Gesundheit und mein Wohlbefinden deutlich verbessert haben. Ich empfehle dieses Buch jedem, der nach einer nachhaltigen und angenehmen M\u00f6glichkeit sucht, seine Gesundheit in die Hand zu nehmen.<\/p>\n          <\/div>\n          <div class=\"testimonial-meta pt-half\">\n             <strong class=\"testimonial-name test_name\">Kevin M. Atkinson<\/strong>\n                          <span class=\"testimonial-company test_company\"><\/span>\n          <\/div>\n        <\/div>\n  <\/div>\n\n  \n\t\t<\/div>\n\t\t\t\t\t<\/div>\n\n\t\n<\/div>\n<p style=\"text-align: center;\"><a data-animate=\"fadeInLeft\" href=\"https:\/\/kitchamix.com\/de\/?add-to-cart=10436\" target=\"_self\" class=\"button secondary is-secondary is-large\"  >\n    <span>In den Warenkorb<\/span>\n  <i class=\"icon-angle-right\" ><\/i><\/a>\n\n<p>&nbsp;<\/p>\n","protected":false},"excerpt":{"rendered":"<p><strong><span style=\"color: #ed1c24;\">Verabschieden Sie sich vom Stress, jeden Tag Ihre Mahlzeiten zu planen. Dieses Buch bietet Ihnen einen einmonatigen Essensplan, der Ihnen das R\u00e4tselraten dar\u00fcber, was Sie essen sollen, erspart.<\/span><\/strong><\/p>\n","protected":false},"featured_media":17373,"comment_status":"closed","ping_status":"closed","template":"","meta":{"_iconic_wsb_product_page_order_bump_ids":[[3530,7444,12027]],"_sku":[],"_iconic_wsb_product_page_bump_modal_ids":[[6013,3308,9720,8280]]},"product_brand":[],"product_cat":[72],"product_tag":[],"class_list":{"0":"post-10436","1":"product","2":"type-product","3":"status-publish","4":"has-post-thumbnail","6":"product_cat-books-weight-watchers","8":"first","9":"instock","10":"sale","11":"downloadable","12":"virtual","13":"taxable","14":"purchasable","15":"product-type-simple"},"_links":{"self":[{"href":"https:\/\/kitchamix.com\/de\/wp-json\/wp\/v2\/product\/10436","targetHints":{"allow":["GET"]}}],"collection":[{"href":"https:\/\/kitchamix.com\/de\/wp-json\/wp\/v2\/product"}],"about":[{"href":"https:\/\/kitchamix.com\/de\/wp-json\/wp\/v2\/types\/product"}],"replies":[{"embeddable":true,"href":"https:\/\/kitchamix.com\/de\/wp-json\/wp\/v2\/comments?post=10436"}],"wp:featuredmedia":[{"embeddable":true,"href":"https:\/\/kitchamix.com\/de\/wp-json\/wp\/v2\/media\/17373"}],"wp:attachment":[{"href":"https:\/\/kitchamix.com\/de\/wp-json\/wp\/v2\/media?parent=10436"}],"wp:term":[{"taxonomy":"product_brand","embeddable":true,"href":"https:\/\/kitchamix.com\/de\/wp-json\/wp\/v2\/product_brand?post=10436"},{"taxonomy":"product_cat","embeddable":true,"href":"https:\/\/kitchamix.com\/de\/wp-json\/wp\/v2\/product_cat?post=10436"},{"taxonomy":"product_tag","embeddable":true,"href":"https:\/\/kitchamix.com\/de\/wp-json\/wp\/v2\/product_tag?post=10436"}],"curies":[{"name":"wp","href":"https:\/\/api.w.org\/{rel}","templated":true}]}}