{"id":285,"date":"2021-08-11T20:15:43","date_gmt":"2021-08-11T20:15:43","guid":{"rendered":"https:\/\/kitchamix.com\/de\/?page_id=285"},"modified":"2024-05-20T23:47:07","modified_gmt":"2024-05-20T23:47:07","slug":"privacy-policy","status":"publish","type":"page","link":"https:\/\/kitchamix.com\/de\/privacy-policy\/","title":{"rendered":"Datenschutzrichtlinie"},"content":{"rendered":"<div class=\"pw-hidden-cp\">\n<div class=\"pw-hidden-cp\">\n<p>Beim Besuch unserer Website k\u00f6nnen Cookies auf Ihrer Festplatte gespeichert werden. Diese Cookies erm\u00f6glichen es uns und unseren Partnern, den Service, den wir Ihnen t\u00e4glich auf unserer Website bieten, zu verbessern.<\/p>\n<p>Ein Cookie ist eine Textdatei, die Informationen \u00fcber Ihr Surfverhalten auf der Website aufzeichnet. Bitte beachten Sie, dass das Cookie in keinem Fall demjenigen, der es platziert hat, erm\u00f6glicht, Informationen auf Ihrer Festplatte oder pers\u00f6nliche Informationen zu erhalten. Es erm\u00f6glicht Ihnen, bei einem erneuten Besuch unserer Website wiedererkannt zu werden und erleichtert die Nutzung der Website.<\/p>\n<p>Deshalb sammeln und verwenden wir Informationen \u00fcber unsere Website nur in der unten beschriebenen Weise:<\/p>\n<\/div>\n<h3>Personenbezogene Daten:<\/h3>\n<p>KitchaMix sammelt personenbezogene Daten nur mit Ihrem Wissen und Ihrer Zustimmung.<\/p>\n<p>Die Boutique KitchaMix verwendet f\u00fcr die Abwicklung von Online-Zahlungen die Kreditkartenzahlungsdienste der Unternehmen PAYPAL und STRIPE. Bitte besuchen Sie deren Websites f\u00fcr weitere Informationen zu den Datenschutzrichtlinien dieser Unternehmen.<\/p>\n<p>Wenn Sie einen Kauf \u00fcber die KitchaMix Boutique t\u00e4tigen, fragen wir Sie nach Ihrem Nachnamen, Vornamen, Ihrer E-Mail-Adresse und allen anderen Informationen, die zur Bearbeitung und Verfolgung Ihrer Bestellung erforderlich sind. F\u00fcr Abrechnungszwecke m\u00fcssen Sie auch einen Kreditkartentyp, die Kartennummer, das Ablaufdatum und die mit der Karte verkn\u00fcpfte Rechnungsadresse angeben.<\/p>\n<p>Die Boutique KitchaMix wird Sie auch bitten, ein Konto zu erstellen, indem Sie eine E-Mail-Adresse angeben und ein einzigartiges Passwort erstellen, um sp\u00e4ter auf Ihre pers\u00f6nlichen Informationen zugreifen zu k\u00f6nnen. Das Erstellen eines Kontos erm\u00f6glicht es der Boutique KitchaMix, Ihre Abrechnungsinformationen zu speichern, sodass Sie diese Informationen nicht bei jedem Kauf auf der Website erneut eingeben m\u00fcssen. Aus Sicherheits- und Datenschutzgr\u00fcnden werden Kreditkartennummern nicht im System der Boutique KitchaMix gespeichert.<\/p>\n<p>Die Boutique KitchaMix sammelt auch Ihren Namen und Ihre E-Mail-Adresse, wenn Sie sich anmelden, um den elektronischen Newsletter zu erhalten.<\/p>\n<h3>Nicht personenbezogene Informationen:<\/h3>\n<p>Wir sammeln auch nicht personenbezogene Informationen, um besser zu verstehen, wie unsere Website genutzt wird. Bei jedem Besuch werden Benutzerdaten aufgezeichnet, jedoch wird die IP-Adresse niemals in den personenbezogenen Informationsparametern gespeichert. Nutzungsstatistiken werden diskret aufgezeichnet. Protokolldateien sind private Dokumente und werden haupts\u00e4chlich von Serveradministratoren zu Fehlerbenachrichtigungs-, Verwaltungs- und Website-Leistungszwecken verwendet. Gelegentlich k\u00f6nnen Teile dieser Protokolldateien zur Serververwaltung, Sicherheit oder wenn gesetzlich erforderlich eingesehen werden.<\/p>\n<h3>Cookies:<\/h3>\n<p>Wenn Sie die Boutique KitchaMix besuchen, k\u00f6nnen kleine Textdateien, sogenannte &#8222;Cookies&#8220;, auf der Festplatte Ihres Computers gespeichert werden. Wir passen den Inhalt einiger Webseiten basierend auf dem von Ihnen verwendeten Browsertyp oder anderen Informationen an, die unser Cookie bereitstellt. Die Boutique KitchaMix verwendet diese Cookies nicht, um nach pers\u00f6nlichen Informationen auf Ihrem Computer zu suchen. Wenn Sie das Cookie ablehnen, k\u00f6nnen Sie unsere Website dennoch besuchen; m\u00f6glicherweise k\u00f6nnen Sie jedoch die Boutique KitchaMix-Website nicht verwenden, um Geschenkkarten zu kaufen. Dies liegt daran, dass Cookies erforderlich sind, damit der Warenkorb die zum Bearbeiten Ihrer Bestellung erforderlichen Informationen speichert.<\/p>\n<div class=\"pw-hidden-cp\">\n<h3 class=\"txtgrey6 fontLight\"><span class=\"title-text\">Eigene und Drittanbieter-Cookies, Nutzungsdatenerfassung und Web-Tracking-Dienste<\/span><\/h3>\n<p class=\"mb20\">Bitte beachten Sie, dass die Ausgabe und Verwendung von Cookies, die von Dritten \u00fcber unsere Website platziert werden, den Datenschutzrichtlinien dieser Dritten unterliegt.<\/p>\n<div>\nUm den Besuch unserer Website attraktiver zu gestalten und die Nutzung bestimmter Funktionen, wie die Warenkorbfunktion, zu erm\u00f6glichen, verwenden wir auf verschiedenen Seiten Cookies. Dabei handelt es sich um Textdateien, die auf Ihrer Festplatte gespeichert werden. Die meisten der von uns verwendeten Cookies werden am Ende der Browser-Sitzung von Ihrer Festplatte gel\u00f6scht (Sitzungscookies). Andere Cookies verbleiben auf Ihrem Computer, um uns zu erm\u00f6glichen, Ihren Computer bei Ihrem n\u00e4chsten Besuch wiederzuerkennen (permanente Cookies). Aus Sicherheitsgr\u00fcnden wird Ihr Passwort selbstverst\u00e4ndlich nicht gespeichert. Sie k\u00f6nnen unseren Online-Shop auch ohne Cookies anzeigen. Wenn Sie nicht m\u00f6chten, dass wir Ihren Computer wiedererkennen, k\u00f6nnen Sie das Speichern von Cookies auf Ihrer Festplatte durch die Anpassung Ihrer Browsereinstellungen verhindern. Weitere Details finden Sie in den Anweisungen Ihres Browsers. Die Ablehnung von Cookies kann zu einer eingeschr\u00e4nkten Nutzung der Funktionen unserer Angebote f\u00fchren.<\/p>\n<p>Zur bedarfsgerechten Gestaltung unserer Webseiten und deren Optimierung verwenden wir Google Analytics, einen Webanalysedienst der Google Inc. (\u201eGoogle\u201c). Google Analytics verwendet Cookies, die Textdateien sind, die auf Ihrem Computer gespeichert werden, um Ihre Nutzung der Website zu analysieren. Die durch Ihre Nutzung dieser Website generierten Informationen (einschlie\u00dflich Ihrer IP-Adresse) werden an einen Server in den USA \u00fcbertragen und dort gespeichert. Google wird diese Informationen verwenden, um Ihre Nutzung der Website auszuwerten, Berichte \u00fcber die Website-Aktivit\u00e4ten f\u00fcr den Website-Betreiber zusammenzustellen und weitere mit der Website- und Internetnutzung verbundene Dienstleistungen zu erbringen. Google \u00fcbertr\u00e4gt diese Informationen auch gegebenenfalls an Dritte, sofern dies gesetzlich vorgeschrieben ist oder Dritte diese Daten im Auftrag von Google verarbeiten. Google bringt in keinem Fall Ihre IP-Adresse mit anderen Daten von Google in Verbindung. Durch die Nutzung dieser Website stimmen Sie der Verarbeitung der \u00fcber Sie erhobenen Daten durch Google in der zuvor beschriebenen Weise und zu dem zuvor benannten Zweck zu. Sie k\u00f6nnen diese Erfassung und Speicherung zuk\u00fcnftiger Daten durch die Installation eines Add-ons deaktivieren.<\/p>\n<p>Unsere Webseiten verwenden Google Adwords Conversion-Tracking, einen Webanalysedienst der Google Inc., 1600 Amphitheater Parkway, Mountain View, CA 94043, USA (\u201eGoogle\u201c), um die Website und Aktivit\u00e4ten der Werbetreibenden zu verbessern. Das Cookie f\u00fcr das Conversion-Tracking wird erstellt, wenn ein Nutzer auf eine von Google angebotene Anzeige klickt. Diese Cookies verlieren nach 30 Tagen ihre G\u00fcltigkeit und werden nicht zur pers\u00f6nlichen Identifikation verwendet. Wenn Sie bestimmte Seiten unserer Website innerhalb dieser 30 Tage besuchen, k\u00f6nnen wir und Google USA erkennen, dass Sie auf diese Anzeige geklickt haben und zu dieser Seite weitergeleitet wurden. Jeder Google AdWords-Kunde erh\u00e4lt ein anderes Cookie. Cookies k\u00f6nnen somit nicht \u00fcber die Websites der AdWords-Kunden nachverfolgt werden. Die mit Conversion-Tracking-Cookies gesammelten Informationen dienen der Erstellung von Conversion-Statistiken. Wir wissen die Gesamtzahl der Nutzer, die auf unsere Anzeige geklickt haben und zu unserer Seite weitergeleitet wurden. Wir erhalten jedoch keine Informationen, die Sie pers\u00f6nlich identifizieren. Wenn Sie nicht am Tracking teilnehmen m\u00f6chten, k\u00f6nnen Sie das Conversion-Tracking-Cookie einfach \u00fcber die Benutzereinstellungen Ihres Internetbrowsers deaktivieren. Sie werden daher nicht in die Conversion-Tracking-Statistiken aufgenommen.<br \/>\nWeitere Einstellm\u00f6glichkeiten finden Sie auf der <a href=\"https:\/\/www.google.com\/policies\/technologies\/ads\/\" target=\"_blank\" rel=\"noopener\">Google Advertising Opt-out Page<\/a>. Sie k\u00f6nnen sich von Drittanbieter-Cookies abmelden, indem Sie die <a href=\"https:\/\/www.networkadvertising.org\/choices\/\" target=\"_blank\" rel=\"noopener\">Network Advertising Initiative Opt-out Page<\/a> aufrufen. Weitere Informationen zu den Datenschutzgrunds\u00e4tzen von Google finden Sie <a href=\"https:\/\/www.google.com\/intl\/fr\/policies\/privacy\/\" target=\"_self\" rel=\"noopener\">hier<\/a>.<\/p>\n<p>Wir beauftragen Drittunternehmen, Anzeigen f\u00fcr unsere Produkte auf den Websites unserer Partner zu platzieren, um diese f\u00fcr Sie attraktiver zu gestalten. Retargeting-Techniken von beauftragten Unternehmen werden dann verwendet, um vollst\u00e4ndig anonymisierte Daten mithilfe von Cookies durch die Seiten, Kategorien oder Produkte, die Sie konsultiert haben, zu sammeln. Dies erm\u00f6glicht es uns, Anzeigen basierend auf Ihrem Interesse an unserem Online-Shop oder unseren Produkten zu gestalten.<br \/>\nWenn Sie der Nutzung von Facebook Website Custom Audiences widersprechen m\u00f6chten, k\u00f6nnen Sie dies unter <a href=\"https:\/\/www.facebook.com\/ads\/website_custom_audiences\/\" target=\"_blank\" rel=\"noopener\">https:\/\/www.facebook.com\/ads\/website_custom_audiences\/<\/a> tun.<\/p>\n<p>Wenn Sie auf eine Banneranzeige geklickt haben, die auf Facebook angezeigt wurde, um auf unsere Website zu gelangen, wird die Uhrzeit Ihrer Bestellung an Facebook Inc., 1601 S. California Ave, Palo Alto, CA 94304, USA, \u00fcbermittelt. Die \u00dcbermittlung dieser Daten erm\u00f6glicht es Facebook, uns die Werbung in Rechnung zu stellen. Facebook kann diese Daten mit Ihrem Facebook-Konto verkn\u00fcpfen und f\u00fcr eigene Werbezwecke verwenden. Weitere Informationen finden Sie in der <a href=\"https:\/\/www.facebook.com\/about\/privacy\/\" target=\"_blank\" rel=\"noopener\">Datenverwendungsrichtlinie<\/a>. Sie k\u00f6nnen der zuk\u00fcnftigen Erhebung und Speicherung Ihrer Daten widersprechen, indem Sie <a href=\"https:\/\/www.facebook.com\/ads\/website_custom_audiences\/\" target=\"_self\" rel=\"noopener\">hier<\/a> klicken.<\/p>\n<p>Schlie\u00dflich, wenn unsere Website Ihnen Werkzeuge zur Verf\u00fcgung stellt, um Inhalte unserer Website wie die &#8222;Teilen&#8220;- und &#8222;Gef\u00e4llt mir&#8220;-Buttons von sozialen Netzwerken wie Facebook, Twitter usw. zu teilen.<\/p>\n<h3>Weitergabe von Informationen an Dritte:<\/h3>\n<p>Wir vermieten, verkaufen oder handeln Ihren Namen oder<\/p>\n<p> andere personenbezogene Daten nicht an andere Unternehmen aus irgendeinem Grund. Ihre personenbezogenen Daten werden ohne Ihre vorherige Zustimmung oder gesetzliche Verpflichtung nicht an externe Dritte weitergegeben.<\/p>\n<h3 class=\"cbr-headline lineswitch_hideLine align-left\"><span class=\"title-text\">Datensicherheit<\/span><\/h3>\n<div>\n<p>Was Ihre pers\u00f6nlichen Daten betrifft, k\u00f6nnen Sie uns vertrauen. W\u00e4hrend des Bestellvorgangs werden Daten mit 128-Bit-Verschl\u00fcsselung an uns \u00fcbermittelt. Der KitchaMix-Online-Shop und Ihre Daten sind durch technische und organisatorische Ma\u00dfnahmen gegen Besch\u00e4digung, Zerst\u00f6rung, Ver\u00e4nderung oder den Zugriff durch unbefugte Personen gesch\u00fctzt. Trotz regelm\u00e4\u00dfiger Kontrollen kann jedoch kein vollst\u00e4ndiger Schutz gegen alle Bedrohungen gew\u00e4hrleistet werden.<br \/>\nWenn Sie sich bei uns als Kunde registrieren, ist der Zugang zu Ihrem Kundenkonto nur nach Eingabe Ihres pers\u00f6nlichen Passworts m\u00f6glich. Sie sollten Ihre Zahlungsinformationen immer vertraulich behandeln und das Browserfenster schlie\u00dfen, sobald Sie die Kommunikation mit uns beenden, insbesondere wenn Sie Ihren Computer mit anderen teilen.<br \/>\nWir nehmen den Datenschutz auch innerhalb unseres Unternehmens sehr ernst. Unsere Mitarbeiter und die von uns beauftragten Unternehmen sind zur Verschwiegenheit und zur Einhaltung der Datenschutzbestimmungen verpflichtet.<\/p>\n<\/div>\n<\/div>\n<h3>Wie Sie Ihre Wahl aus\u00fcben k\u00f6nnen<\/h3>\n<p>Sie haben die M\u00f6glichkeit, der Speicherung von &#8222;Cookies&#8220; jederzeit durch die Konfiguration Ihres Browsers zu widersprechen.<\/p>\n<p>Wenn Sie sich jedoch entscheiden, diese Cookies zu l\u00f6schen, m\u00fcssen Sie den Vorgang wiederholen, und wenn Sie \u00fcber einen anderen Betreiber surfen, m\u00fcssen Sie dasselbe tun.<\/p>\n<p>Hier ist das Verfahren zum L\u00f6schen von Cookies in den verschiedenen Browsern auf der CNIL-Website: <a href=\"https:\/\/www.cnil.fr\/fr\/cookies-les-outils-pour-les-maitriser\" target=\"_blank\" rel=\"noopener\">https:\/\/www.cnil.fr\/fr\/cookies-les-outils-pour-les-maitriser<\/a><\/p>\n<\/div>\n<\/div>\n<h3 class=\"cbr-headline lineswitch_hideLine align-left\"><span class=\"title-text\">Recht auf Information, Widerspruchsrecht und Widerrufsrecht<\/span><\/h3>\n<div>\n<p>Nach dem Bundesdatenschutzgesetz haben Sie das Recht auf kostenlose Auskunft \u00fcber Ihre gespeicherten Daten sowie auf Berichtigung, Sperrung oder L\u00f6schung der Daten. Sie k\u00f6nnen auch der Sammlung und Speicherung Ihrer anonymisierten oder pseudonymisierten Daten zum Zweck der Optimierung unserer Website widersprechen. Ebenso k\u00f6nnen Sie jederzeit die von Ihnen erteilten Genehmigungen zur Erhebung, Speicherung und Nutzung Ihrer Daten mit Wirkung f\u00fcr die Zukunft widerrufen.<br \/>\nWir stehen Ihnen f\u00fcr weitere Informationen zum Datenschutz und zur Verarbeitung Ihrer personenbezogenen Daten zur Verf\u00fcgung. F\u00fcr Fragen oder Informationen sowie zur Berichtigung, Sperrung oder L\u00f6schung von Daten <a href=\"https:\/\/kitchamix.com\/de\/contact-us\/\">schreiben Sie uns bitte hier.<\/a><\/p>\n<div>\n<h3 class=\"cbr-headline lineswitch_hideLine align-left\"><span class=\"title-text\">Erteilte Genehmigungen, falls vorhanden<\/span><\/h3>\n<div>\nFalls zutreffend, haben Sie uns ausdr\u00fccklich die folgende Genehmigung erteilt, als Sie sich f\u00fcr unseren Newsletter angemeldet, sich im Mitgliederbereich registriert oder w\u00e4hrend des Bestellvorgangs. In diesem Fall werden Ihre personenbezogenen Daten \u00fcber den bisher in dieser Datenschutzerkl\u00e4rung festgelegten Umfang hinaus auch gem\u00e4\u00df der folgenden Einwilligungserkl\u00e4rung verwendet:<\/p>\n<p><strong>Genehmigung zum Senden von E-Mails<\/strong><br \/>\nIch m\u00f6chte per E-Mail \u00fcber Rezepte, Aktionen, Produkte und Gewinnspiele informiert werden. Zu diesem Zweck werden meine Daten nur an KitchaMix weitergegeben. Ich kann mich jederzeit \u00fcber einen in allen von KitchaMix versendeten Newslettern enthaltenen Link vom Newsletter abmelden. Ich habe die Datenschutzbestimmungen gelesen.<\/p>\n<\/div>\n<p>&nbsp;<\/p>\n<\/div>\n<\/div>\n","protected":false},"excerpt":{"rendered":"<p>Beim Besuch unserer Website k\u00f6nnen Cookies auf Ihrer Festplatte gespeichert werden. Diese Cookies erm\u00f6glichen es uns und unseren Partnern, den Service, den wir Ihnen t\u00e4glich auf unserer Website bieten, zu verbessern. Ein Cookie ist eine Textdatei, die Informationen \u00fcber Ihr Surfverhalten auf der Website aufzeichnet. Bitte beachten Sie, dass das Cookie in keinem Fall demjenigen, [&#8230;]\n","protected":false},"author":1,"featured_media":0,"parent":0,"menu_order":0,"comment_status":"closed","ping_status":"closed","template":"","meta":{"footnotes":""},"class_list":["post-285","page","type-page","status-publish","hentry"],"_links":{"self":[{"href":"https:\/\/kitchamix.com\/de\/wp-json\/wp\/v2\/pages\/285","targetHints":{"allow":["GET"]}}],"collection":[{"href":"https:\/\/kitchamix.com\/de\/wp-json\/wp\/v2\/pages"}],"about":[{"href":"https:\/\/kitchamix.com\/de\/wp-json\/wp\/v2\/types\/page"}],"author":[{"embeddable":true,"href":"https:\/\/kitchamix.com\/de\/wp-json\/wp\/v2\/users\/1"}],"replies":[{"embeddable":true,"href":"https:\/\/kitchamix.com\/de\/wp-json\/wp\/v2\/comments?post=285"}],"version-history":[{"count":6,"href":"https:\/\/kitchamix.com\/de\/wp-json\/wp\/v2\/pages\/285\/revisions"}],"predecessor-version":[{"id":17265,"href":"https:\/\/kitchamix.com\/de\/wp-json\/wp\/v2\/pages\/285\/revisions\/17265"}],"wp:attachment":[{"href":"https:\/\/kitchamix.com\/de\/wp-json\/wp\/v2\/media?parent=285"}],"curies":[{"name":"wp","href":"https:\/\/api.w.org\/{rel}","templated":true}]}}