{"id":275,"date":"2021-08-11T19:58:28","date_gmt":"2021-08-11T19:58:28","guid":{"rendered":"https:\/\/kitchamix.com\/de\/?page_id=275"},"modified":"2024-05-20T23:42:49","modified_gmt":"2024-05-20T23:42:49","slug":"contact-us","status":"publish","type":"page","link":"https:\/\/kitchamix.com\/de\/contact-us\/","title":{"rendered":"Kontaktiere uns"},"content":{"rendered":"<div>Sie haben die Antwort auf Ihre Frage nicht in unseren <a href=\"https:\/\/kitchamix.com\/de\/faq\/\">FAQ<\/a> gefunden oder m\u00f6chten das Kitchamix-Team kontaktieren?<\/div>\n<div><\/div>\n<div>Bitte f\u00fcllen Sie das untenstehende Formular mit einer g\u00fcltigen E-Mail-Adresse aus. Wir werden uns so schnell wie m\u00f6glich bei Ihnen melden.<\/div>\n<div><\/div>\n<div><div class=\"wpforms-container wpforms-container-full\" id=\"wpforms-283\"><form id=\"wpforms-form-283\" class=\"wpforms-validate wpforms-form wpforms-ajax-form\" data-formid=\"283\" method=\"post\" enctype=\"multipart\/form-data\" action=\"\/de\/wp-json\/wp\/v2\/pages\/275\" data-token=\"cf0b7b24275fdfbe5abdee6276e9707d\" data-token-time=\"1778604372\"><noscript class=\"wpforms-error-noscript\">Bitte aktiviere JavaScript in deinem Browser, um dieses Formular fertigzustellen.<\/noscript><div class=\"wpforms-field-container\"><div id=\"wpforms-283-field_0-container\" class=\"wpforms-field wpforms-field-name\" data-field-id=\"0\"><label class=\"wpforms-field-label\" for=\"wpforms-283-field_0\">Name <span class=\"wpforms-required-label\">*<\/span><\/label><input type=\"text\" id=\"wpforms-283-field_0\" class=\"wpforms-field-medium wpforms-field-required\" name=\"wpforms[fields][0]\" required><\/div><div id=\"wpforms-283-field_5-container\" class=\"wpforms-field wpforms-field-name\" data-field-id=\"5\"><label class=\"wpforms-field-label\" for=\"wpforms-283-field_5\">First name <span class=\"wpforms-required-label\">*<\/span><\/label><input type=\"text\" id=\"wpforms-283-field_5\" class=\"wpforms-field-medium wpforms-field-required\" name=\"wpforms[fields][5]\" required><\/div><div id=\"wpforms-283-field_1-container\" class=\"wpforms-field wpforms-field-email\" data-field-id=\"1\"><label class=\"wpforms-field-label\" for=\"wpforms-283-field_1\">E-mail <span class=\"wpforms-required-label\">*<\/span><\/label><input type=\"email\" id=\"wpforms-283-field_1\" class=\"wpforms-field-medium wpforms-field-required\" name=\"wpforms[fields][1]\" spellcheck=\"false\" required><\/div><div id=\"wpforms-283-field_3-container\" class=\"wpforms-field wpforms-field-text\" data-field-id=\"3\"><label class=\"wpforms-field-label\" for=\"wpforms-283-field_3\">Order number<\/label><input type=\"text\" id=\"wpforms-283-field_3\" class=\"wpforms-field-medium\" name=\"wpforms[fields][3]\" ><\/div><div id=\"wpforms-283-field_4-container\" class=\"wpforms-field wpforms-field-select wpforms-field-select-style-classic\" data-field-id=\"4\"><label class=\"wpforms-field-label\" for=\"wpforms-283-field_4\">Object <span class=\"wpforms-required-label\">*<\/span><\/label><select id=\"wpforms-283-field_4\" class=\"wpforms-field-medium wpforms-field-required\" name=\"wpforms[fields][4]\" required=\"required\"><option value=\"Download issue\"  class=\"choice-1 depth-1\"  >Download issue<\/option><option value=\"Problems accessing your account\"  class=\"choice-4 depth-1\"  >Problems accessing your account<\/option><option value=\"Payment issue\"  class=\"choice-2 depth-1\"  >Payment issue<\/option><option value=\"Other\"  class=\"choice-3 depth-1\"  >Other<\/option><\/select><\/div><div id=\"wpforms-283-field_2-container\" class=\"wpforms-field wpforms-field-textarea\" data-field-id=\"2\"><label class=\"wpforms-field-label\" for=\"wpforms-283-field_2\">Comment or message <span class=\"wpforms-required-label\">*<\/span><\/label><textarea id=\"wpforms-283-field_2\" class=\"wpforms-field-medium wpforms-field-required\" name=\"wpforms[fields][2]\" required><\/textarea><\/div><\/div><!-- .wpforms-field-container --><div class=\"wpforms-submit-container\" ><input type=\"hidden\" name=\"wpforms[id]\" value=\"283\"><input type=\"hidden\" name=\"page_title\" value=\"\"><input type=\"hidden\" name=\"page_url\" value=\"https:\/\/kitchamix.com\/de\/wp-json\/wp\/v2\/pages\/275\"><input type=\"hidden\" name=\"url_referer\" value=\"\"><button type=\"submit\" name=\"wpforms[submit]\" id=\"wpforms-submit-283\" class=\"wpforms-submit\" data-alt-text=\"Send..\" data-submit-text=\"Send..\" aria-live=\"assertive\" value=\"wpforms-submit\">Send..<\/button><img loading=\"lazy\" decoding=\"async\" src=\"https:\/\/kitchamix.com\/de\/wp-content\/plugins\/wpforms-lite\/assets\/images\/submit-spin.svg\" class=\"wpforms-submit-spinner\" style=\"display: none;\" width=\"26\" height=\"26\" alt=\"Wird geladen\"><\/div><\/form><\/div>  <!-- .wpforms-container --><\/div>\n<div><\/div>\n<div>E-Mail: hello@kitchamix.com<\/div>\n<p>&nbsp;<\/p>\n","protected":false},"excerpt":{"rendered":"<p>Sie haben die Antwort auf Ihre Frage nicht in unseren FAQ gefunden oder m\u00f6chten das Kitchamix-Team kontaktieren? Bitte f\u00fcllen Sie das untenstehende Formular mit einer g\u00fcltigen E-Mail-Adresse aus. Wir werden uns so schnell wie m\u00f6glich bei Ihnen melden. E-Mail: hello@kitchamix.com &nbsp;<\/p>\n","protected":false},"author":1,"featured_media":0,"parent":0,"menu_order":0,"comment_status":"closed","ping_status":"closed","template":"","meta":{"footnotes":""},"class_list":["post-275","page","type-page","status-publish","hentry"],"_links":{"self":[{"href":"https:\/\/kitchamix.com\/de\/wp-json\/wp\/v2\/pages\/275","targetHints":{"allow":["GET"]}}],"collection":[{"href":"https:\/\/kitchamix.com\/de\/wp-json\/wp\/v2\/pages"}],"about":[{"href":"https:\/\/kitchamix.com\/de\/wp-json\/wp\/v2\/types\/page"}],"author":[{"embeddable":true,"href":"https:\/\/kitchamix.com\/de\/wp-json\/wp\/v2\/users\/1"}],"replies":[{"embeddable":true,"href":"https:\/\/kitchamix.com\/de\/wp-json\/wp\/v2\/comments?post=275"}],"version-history":[{"count":11,"href":"https:\/\/kitchamix.com\/de\/wp-json\/wp\/v2\/pages\/275\/revisions"}],"predecessor-version":[{"id":17262,"href":"https:\/\/kitchamix.com\/de\/wp-json\/wp\/v2\/pages\/275\/revisions\/17262"}],"wp:attachment":[{"href":"https:\/\/kitchamix.com\/de\/wp-json\/wp\/v2\/media?parent=275"}],"curies":[{"name":"wp","href":"https:\/\/api.w.org\/{rel}","templated":true}]}}