{"id":14919,"date":"2023-11-06T15:50:55","date_gmt":"2023-11-06T15:50:55","guid":{"rendered":"https:\/\/kitchamix.com\/de\/?page_id=14919"},"modified":"2024-05-20T23:49:17","modified_gmt":"2024-05-20T23:49:17","slug":"shipping-policy","status":"publish","type":"page","link":"https:\/\/kitchamix.com\/de\/shipping-policy\/","title":{"rendered":"Versandbedingungen"},"content":{"rendered":"<h3><strong>Versandrichtlinie<\/strong><\/h3>\n<p>Wir freuen uns, Ihnen eine breite Palette an digitalen Kochb\u00fcchern anbieten zu k\u00f6nnen, um Ihre kulinarische Reise zu bereichern. Wir verstehen, dass Bequemlichkeit und sofortiger Zugriff auf Ihre Lieblingsrezepte in der heutigen schnelllebigen Welt entscheidend sind. Deshalb freuen wir uns, Ihnen mitteilen zu k\u00f6nnen, dass beim Versand unserer digitalen Kochb\u00fccher kein physischer Versand erforderlich ist.<\/p>\n<p><strong>Unser digitaler Lieferprozess:<\/strong><\/p>\n<p>Sofortiger Zugriff: Sobald Sie Ihren Kauf abgeschlossen haben, erhalten Sie sofortigen Zugriff auf Ihr(e) digitales(n) Kochbuch\/Kochb\u00fccher. Sie k\u00f6nnen sie direkt von unserer Website oder aus der Best\u00e4tigungs-E-Mail, die wir an Ihre angegebene E-Mail-Adresse senden, herunterladen.<\/p>\n<p><strong>Sichere Downloads:<\/strong> Ihre digitalen Kochbuchdateien sind sicher auf unserer Plattform gehostet, um einen sicheren und effizienten Download-Prozess zu gew\u00e4hrleisten. Wir verwenden branchen\u00fcbliche Verschl\u00fcsselungs- und Sicherheitsma\u00dfnahmen zum Schutz Ihrer Informationen.<\/p>\n<p>Format: Unsere digitalen Kochb\u00fccher sind in der Regel im PDF-Format verf\u00fcgbar, das mit den meisten Ger\u00e4ten kompatibel ist, einschlie\u00dflich Smartphones, Tablets, Laptops und E-Readern.<\/p>\n<p><strong>Support:<\/strong> Sollten Sie Probleme beim Herunterladen oder Zugriff auf Ihr(e) digitales(n) Kochbuch\/Kochb\u00fccher haben, z\u00f6gern Sie bitte nicht, unser Kundensupport-Team <a href=\"https:\/\/kitchamix.com\/de\/contact-us\/\">hier<\/a> zu kontaktieren. Wir stehen Ihnen bei Fragen oder Anliegen gerne zur Verf\u00fcgung.<\/p>\n<p><strong>R\u00fcckerstattungsrichtlinie:<\/strong><\/p>\n<p>Ab der Best\u00e4tigung der Eingabe des Kreditkartencodes wird die Bestellung best\u00e4tigt und kann nicht mehr storniert werden. Bestellungen von digitalen Dateien gelten als fest und endg\u00fcltig und k\u00f6nnen weder umgetauscht noch erstattet werden.<\/p>\n<p>Sie haben keine M\u00f6glichkeit mehr, Ihre Bestellung zu stornieren, und der Kaufpreis wird automatisch abgebucht, auch wenn Sie sich sp\u00e4ter entscheiden, den Download der genannten Dateien abzubrechen, da Sie die Allgemeinen Verkaufsbedingungen durch die Best\u00e4tigung Ihrer Bestellung akzeptiert haben.<\/p>\n","protected":false},"excerpt":{"rendered":"<p>Versandrichtlinie Wir freuen uns, Ihnen eine breite Palette an digitalen Kochb\u00fcchern anbieten zu k\u00f6nnen, um Ihre kulinarische Reise zu bereichern. Wir verstehen, dass Bequemlichkeit und sofortiger Zugriff auf Ihre Lieblingsrezepte in der heutigen schnelllebigen Welt entscheidend sind. Deshalb freuen wir uns, Ihnen mitteilen zu k\u00f6nnen, dass beim Versand unserer digitalen Kochb\u00fccher kein physischer Versand erforderlich [&#8230;]\n","protected":false},"author":1,"featured_media":0,"parent":0,"menu_order":0,"comment_status":"closed","ping_status":"closed","template":"","meta":{"footnotes":""},"class_list":["post-14919","page","type-page","status-publish","hentry"],"_links":{"self":[{"href":"https:\/\/kitchamix.com\/de\/wp-json\/wp\/v2\/pages\/14919","targetHints":{"allow":["GET"]}}],"collection":[{"href":"https:\/\/kitchamix.com\/de\/wp-json\/wp\/v2\/pages"}],"about":[{"href":"https:\/\/kitchamix.com\/de\/wp-json\/wp\/v2\/types\/page"}],"author":[{"embeddable":true,"href":"https:\/\/kitchamix.com\/de\/wp-json\/wp\/v2\/users\/1"}],"replies":[{"embeddable":true,"href":"https:\/\/kitchamix.com\/de\/wp-json\/wp\/v2\/comments?post=14919"}],"version-history":[{"count":2,"href":"https:\/\/kitchamix.com\/de\/wp-json\/wp\/v2\/pages\/14919\/revisions"}],"predecessor-version":[{"id":17269,"href":"https:\/\/kitchamix.com\/de\/wp-json\/wp\/v2\/pages\/14919\/revisions\/17269"}],"wp:attachment":[{"href":"https:\/\/kitchamix.com\/de\/wp-json\/wp\/v2\/media?parent=14919"}],"curies":[{"name":"wp","href":"https:\/\/api.w.org\/{rel}","templated":true}]}}